{"id":8131,"date":"2024-03-19T11:32:07","date_gmt":"2024-03-19T16:32:07","guid":{"rendered":"https:\/\/advocatesforchildren.org\/?page_id=8131"},"modified":"2025-04-14T10:30:19","modified_gmt":"2025-04-14T14:30:19","slug":"equity-diversity-and-inclusion","status":"publish","type":"page","link":"https:\/\/advocatesforchildren.org\/ht\/equity-diversity-and-inclusion\/","title":{"rendered":"Div\u00e8site, Ekite, ak Enklizyon"},"content":{"rendered":"","protected":false},"excerpt":{"rendered":"","protected":false},"author":7,"featured_media":0,"parent":0,"menu_order":0,"comment_status":"closed","ping_status":"closed","template":"","meta":{"_acf_changed":false},"class_list":["post-8131","page","type-page","status-publish","hentry"],"acf":{"component_hero":{"variant":"bg","":null,"subheader":"","button":"","image":8676},"page_layout":[{"acf_fc_layout":"layout_wysiwyg","_acfe_flexible_toggle":"","component_wysiwyg":{"content":"Advocates for Children of New York ap f\u00e8 ef\u00f2 pou anplwaye yon anplwaye div\u00e8s ki f\u00e8 misyon nou pou asire yon bon jan kalite edikasyon pou el\u00e8v New York ki f\u00e8 fas ak bary\u00e8 pou siks\u00e8 akademik, ki konsantre sou el\u00e8v ki soti nan yon seri ti revni.\r\n\r\n<a class=\"btn :version-1 :size-1\" href=\"https:\/\/advocatesforchildren.org\/ht\/our-team\/\"><span class=\"text\">Rankontre ekip nou an<\/span><\/a>\r\n\r\nAFC values a diverse workforce, in the sense that staff members reflect our client base and the communities we serve, including, but not limited to, race, color, religion, national origin, gender, gender identity, sexual orientation, disability, and socioeconomic background. We believe our staff should reflect our organizational values of inclusion and opportunity for people in traditionally oppressed groups and broaden and deepen AFC\u2019s ability to identify social problems and, in particular, to develop community-informed solutions. AFC is rooted in New York City, one of the world\u2019s most heterogeneous cities; the diversity of our staff demonstrates that we are part of, not apart from, the city in which we live and work.\r\n\r\nThe staff demographics below were captured in an employee survey distributed in November 2024. <span data-olk-copy-source=\"MessageBody\">Though participation in the survey was anonymous and voluntary, 100% of staff submitted surveys.<\/span>\r\n<h3>Idantite s\u00e8ks<\/h3>\r\n<strong>85%<\/strong> idantifye k\u00f2m fi\r\n\r\n<strong>11%<\/strong> idantifye k\u00f2m gason\r\n\r\n<strong>2%<\/strong> identify as transgender\r\n\r\n<strong>2%\u00a0<\/strong>prefer to self-describe\r\n<h3>Ras\/Etnisite<\/h3>\r\n<em>Anplwaye yo ka deziyen plis pase yon opsyon<\/em>\r\n\r\nAzyatik <strong>7<\/strong><strong>%<\/strong>\r\n\r\nEndyen Ameriken\/Endij\u00e8n\/Natifnatal Alaska <strong>11%<\/strong>\r\n\r\nDesandan nwa oswa Afriken <strong>20%<\/strong>\r\n\r\nLatinx \/ Pany\u00f2l <strong>31%<\/strong>\r\n\r\nBlan <strong>52%<\/strong>\r\n\r\nPrefer to self-describe\u00a0<strong>3%<\/strong>\r\n<h3>Oryantasyon Seksy\u00e8l<\/h3>\r\nMasisi, madivin, biseksy\u00e8l, oswa s\u00e8ks <strong>20<\/strong><strong>%<\/strong>\r\n<h3>Andikap<\/h3>\r\nManm anplwaye ki gen yon andikap <strong>26%<\/strong>\r\n\r\nManm anplwaye ki gen yon manm fanmi imedya ki gen yon andikap <strong>50%<\/strong>\r\n<h3>Sosyoekonomik background<\/h3>\r\nManm anplwaye yo te viv nan yon fanmi ki defavorize ekonomikman, klas travay\u00e8, p\u00f2v oswa fanmi ki gen ti revni <strong>57%<\/strong>\r\n<h3>Fondasyon imigran<\/h3>\r\nManm anplwaye se yon imigran Ozetazini <strong>13<\/strong><strong>%<\/strong>\r\n\r\nManm anplwaye ki gen yon manm fanmi imedya ki se yon imigran Ozetazini <strong>52%<\/strong>\r\n<h3>Prezans DOE<\/h3>\r\nManm estaf la te ale nan yon lek\u00f2l NYC DOE <strong>39%<\/strong>\r\n\r\nManm p\u00e8son\u00e8l ki gen yon manm fanmi imedya ki te ale oswa ki kounye a ale nan yon lek\u00f2l NYC DOE <strong>33%<\/strong>\r\n\r\nAnplwaye ki gen timoun ki te ale oswa ki kounye a ale nan yon lek\u00f2l NYC DOE <strong>26%<\/strong>","":null,"settings":""}}],"misc":{"disable_sticky_helpbar":false,"search_results":{"":null,"excerpt":"","featured_image":""}}},"yoast_head":"<!-- This site is optimized with the Yoast SEO plugin v27.2 - https:\/\/yoast.com\/product\/yoast-seo-wordpress\/ -->\n<title>Diversity, Equity, and Inclusion - Advocates for Children of New York<\/title>\n<meta name=\"robots\" content=\"index, follow, max-snippet:-1, max-image-preview:large, max-video-preview:-1\" \/>\n<link rel=\"canonical\" href=\"https:\/\/advocatesforchildren.org\/ht\/equity-diversity-and-inclusion\/\" \/>\n<meta property=\"og:locale\" content=\"ht_HT\" \/>\n<meta property=\"og:type\" content=\"article\" \/>\n<meta property=\"og:title\" content=\"Diversity, Equity, and Inclusion - Advocates for Children of New York\" \/>\n<meta property=\"og:url\" content=\"https:\/\/advocatesforchildren.org\/ht\/equity-diversity-and-inclusion\/\" \/>\n<meta property=\"og:site_name\" content=\"Advocates for Children of New York\" \/>\n<meta property=\"article:publisher\" content=\"https:\/\/www.facebook.com\/AdvocatesforChildren\/\" \/>\n<meta property=\"article:modified_time\" content=\"2025-04-14T14:30:19+00:00\" \/>\n<meta property=\"og:image\" content=\"https:\/\/advocatesforchildren.org\/wp-content\/uploads\/2024\/03\/share.jpg\" \/>\n\t<meta property=\"og:image:width\" content=\"1200\" \/>\n\t<meta property=\"og:image:height\" content=\"630\" \/>\n\t<meta property=\"og:image:type\" content=\"image\/jpeg\" \/>\n<meta name=\"twitter:card\" content=\"summary_large_image\" \/>\n<meta name=\"twitter:site\" content=\"@AFCNewYork\" \/>\n<script type=\"application\/ld+json\" class=\"yoast-schema-graph\">{\"@context\":\"https:\/\/schema.org\",\"@graph\":[{\"@type\":\"WebPage\",\"@id\":\"https:\/\/advocatesforchildren.org\/equity-diversity-and-inclusion\/\",\"url\":\"https:\/\/advocatesforchildren.org\/equity-diversity-and-inclusion\/\",\"name\":\"Diversity, Equity, and Inclusion - Advocates for Children of New York\",\"isPartOf\":{\"@id\":\"https:\/\/advocatesforchildren.org\/#website\"},\"datePublished\":\"2024-03-19T16:32:07+00:00\",\"dateModified\":\"2025-04-14T14:30:19+00:00\",\"breadcrumb\":{\"@id\":\"https:\/\/advocatesforchildren.org\/equity-diversity-and-inclusion\/#breadcrumb\"},\"inLanguage\":\"ht\",\"potentialAction\":[{\"@type\":\"ReadAction\",\"target\":[\"https:\/\/advocatesforchildren.org\/equity-diversity-and-inclusion\/\"]}]},{\"@type\":\"BreadcrumbList\",\"@id\":\"https:\/\/advocatesforchildren.org\/equity-diversity-and-inclusion\/#breadcrumb\",\"itemListElement\":[{\"@type\":\"ListItem\",\"position\":1,\"name\":\"Home\",\"item\":\"https:\/\/advocatesforchildren.org\/\"},{\"@type\":\"ListItem\",\"position\":2,\"name\":\"Diversity, Equity, and Inclusion\"}]},{\"@type\":\"WebSite\",\"@id\":\"https:\/\/advocatesforchildren.org\/#website\",\"url\":\"https:\/\/advocatesforchildren.org\/\",\"name\":\"Advocates for Children of New York\",\"description\":\"\",\"publisher\":{\"@id\":\"https:\/\/advocatesforchildren.org\/#organization\"},\"potentialAction\":[{\"@type\":\"SearchAction\",\"target\":{\"@type\":\"EntryPoint\",\"urlTemplate\":\"https:\/\/advocatesforchildren.org\/?s={search_term_string}\"},\"query-input\":{\"@type\":\"PropertyValueSpecification\",\"valueRequired\":true,\"valueName\":\"search_term_string\"}}],\"inLanguage\":\"ht\"},{\"@type\":\"Organization\",\"@id\":\"https:\/\/advocatesforchildren.org\/#organization\",\"name\":\"Advocates for Children of New York\",\"url\":\"https:\/\/advocatesforchildren.org\/\",\"logo\":{\"@type\":\"ImageObject\",\"inLanguage\":\"ht\",\"@id\":\"https:\/\/advocatesforchildren.org\/#\/schema\/logo\/image\/\",\"url\":\"https:\/\/advocatesforchildren.org\/wp-content\/uploads\/2024\/03\/afc-logo.png\",\"contentUrl\":\"https:\/\/advocatesforchildren.org\/wp-content\/uploads\/2024\/03\/afc-logo.png\",\"width\":696,\"height\":696,\"caption\":\"Advocates for Children of New York\"},\"image\":{\"@id\":\"https:\/\/advocatesforchildren.org\/#\/schema\/logo\/image\/\"},\"sameAs\":[\"https:\/\/www.facebook.com\/AdvocatesforChildren\/\",\"https:\/\/x.com\/AFCNewYork\"]}]}<\/script>\n<!-- \/ Yoast SEO plugin. -->","yoast_head_json":{"title":"Diversity, Equity, and Inclusion - Advocates for Children of New York","robots":{"index":"index","follow":"follow","max-snippet":"max-snippet:-1","max-image-preview":"max-image-preview:large","max-video-preview":"max-video-preview:-1"},"canonical":"https:\/\/advocatesforchildren.org\/ht\/equity-diversity-and-inclusion\/","og_locale":"ht_HT","og_type":"article","og_title":"Diversity, Equity, and Inclusion - Advocates for Children of New York","og_url":"https:\/\/advocatesforchildren.org\/ht\/equity-diversity-and-inclusion\/","og_site_name":"Advocates for Children of New York","article_publisher":"https:\/\/www.facebook.com\/AdvocatesforChildren\/","article_modified_time":"2025-04-14T14:30:19+00:00","og_image":[{"width":1200,"height":630,"url":"https:\/\/advocatesforchildren.org\/wp-content\/uploads\/2024\/03\/share.jpg","type":"image\/jpeg"}],"twitter_card":"summary_large_image","twitter_site":"@AFCNewYork","schema":{"@context":"https:\/\/schema.org","@graph":[{"@type":"WebPage","@id":"https:\/\/advocatesforchildren.org\/equity-diversity-and-inclusion\/","url":"https:\/\/advocatesforchildren.org\/equity-diversity-and-inclusion\/","name":"Diversity, Equity, and Inclusion - Advocates for Children of New York","isPartOf":{"@id":"https:\/\/advocatesforchildren.org\/#website"},"datePublished":"2024-03-19T16:32:07+00:00","dateModified":"2025-04-14T14:30:19+00:00","breadcrumb":{"@id":"https:\/\/advocatesforchildren.org\/equity-diversity-and-inclusion\/#breadcrumb"},"inLanguage":"ht","potentialAction":[{"@type":"ReadAction","target":["https:\/\/advocatesforchildren.org\/equity-diversity-and-inclusion\/"]}]},{"@type":"BreadcrumbList","@id":"https:\/\/advocatesforchildren.org\/equity-diversity-and-inclusion\/#breadcrumb","itemListElement":[{"@type":"ListItem","position":1,"name":"Home","item":"https:\/\/advocatesforchildren.org\/"},{"@type":"ListItem","position":2,"name":"Diversity, Equity, and Inclusion"}]},{"@type":"WebSite","@id":"https:\/\/advocatesforchildren.org\/#website","url":"https:\/\/advocatesforchildren.org\/","name":"Advocates for Children of New York","description":"","publisher":{"@id":"https:\/\/advocatesforchildren.org\/#organization"},"potentialAction":[{"@type":"SearchAction","target":{"@type":"EntryPoint","urlTemplate":"https:\/\/advocatesforchildren.org\/?s={search_term_string}"},"query-input":{"@type":"PropertyValueSpecification","valueRequired":true,"valueName":"search_term_string"}}],"inLanguage":"ht"},{"@type":"Organization","@id":"https:\/\/advocatesforchildren.org\/#organization","name":"Advocates for Children of New York","url":"https:\/\/advocatesforchildren.org\/","logo":{"@type":"ImageObject","inLanguage":"ht","@id":"https:\/\/advocatesforchildren.org\/#\/schema\/logo\/image\/","url":"https:\/\/advocatesforchildren.org\/wp-content\/uploads\/2024\/03\/afc-logo.png","contentUrl":"https:\/\/advocatesforchildren.org\/wp-content\/uploads\/2024\/03\/afc-logo.png","width":696,"height":696,"caption":"Advocates for Children of New York"},"image":{"@id":"https:\/\/advocatesforchildren.org\/#\/schema\/logo\/image\/"},"sameAs":["https:\/\/www.facebook.com\/AdvocatesforChildren\/","https:\/\/x.com\/AFCNewYork"]}]}},"_links":{"self":[{"href":"https:\/\/advocatesforchildren.org\/ht\/wp-json\/wp\/v2\/pages\/8131","targetHints":{"allow":["GET"]}}],"collection":[{"href":"https:\/\/advocatesforchildren.org\/ht\/wp-json\/wp\/v2\/pages"}],"about":[{"href":"https:\/\/advocatesforchildren.org\/ht\/wp-json\/wp\/v2\/types\/page"}],"author":[{"embeddable":true,"href":"https:\/\/advocatesforchildren.org\/ht\/wp-json\/wp\/v2\/users\/7"}],"replies":[{"embeddable":true,"href":"https:\/\/advocatesforchildren.org\/ht\/wp-json\/wp\/v2\/comments?post=8131"}],"version-history":[{"count":0,"href":"https:\/\/advocatesforchildren.org\/ht\/wp-json\/wp\/v2\/pages\/8131\/revisions"}],"wp:attachment":[{"href":"https:\/\/advocatesforchildren.org\/ht\/wp-json\/wp\/v2\/media?parent=8131"}],"curies":[{"name":"wp","href":"https:\/\/api.w.org\/{rel}","templated":true}]}}