{"id":7809,"date":"2024-03-13T12:58:13","date_gmt":"2024-03-13T17:58:13","guid":{"rendered":"https:\/\/advocatesforchildren.org\/?page_id=7809"},"modified":"2026-02-03T16:01:48","modified_gmt":"2026-02-03T21:01:48","slug":"our-supporters","status":"publish","type":"page","link":"https:\/\/advocatesforchildren.org\/ht\/our-supporters\/","title":{"rendered":"Sip\u00f2t\u00e8 nou yo"},"content":{"rendered":"","protected":false},"excerpt":{"rendered":"","protected":false},"author":7,"featured_media":0,"parent":0,"menu_order":0,"comment_status":"closed","ping_status":"closed","template":"","meta":{"_acf_changed":false},"class_list":["post-7809","page","type-page","status-publish","hentry"],"acf":{"component_hero":{"variant":"bg","":null,"subheader":"","button":"","image":7300},"page_layout":[{"acf_fc_layout":"layout_wysiwyg","_acfe_flexible_toggle":null,"component_wysiwyg":{"content":"Travay Advocates for Children of New York vin posib grasa kontribisyon jenere yo resevwa pandan ane a. Nou vle eksprime m\u00e8si sens\u00e8 nou bay fondasyon sa yo ak ajans gouv\u00e8nman yo pou sip\u00f2 yo.\r\n<h3 style=\"text-align: center;\">Fondasyon yo<\/h3>\r\n<p style=\"text-align: center;\">Altman Foundation\r\nThe Lily Auchincloss Foundation\r\nThe Morton K. and Jane Blaustein Foundation\r\nWilliam C. Bullitt Foundation\r\nThe Clark Foundation\r\nIra W. DeCamp Foundation\r\nEqual Justice Works\r\nThe Center for Fair Futures\r\nGray Foundation\r\nThe Gottesman Fund\r\nHagedorn Fund\r\nThe Horace &amp; Amy Hagedorn Fund\r\nConrad H. Hilton Foundation\r\nAlice Lawrence Foundation\r\nThe Lucius N. Littauer Foundation\r\nRita J. and Stanley H. Kaplan Family Foundation, Inc.\r\nThe Morrison &amp; Foerster Foundation\r\nThe New York Bar Foundation\r\nThe New York Community Trust\r\nRobin Hood\r\nSilicon Valley Community Foundation\r\nVenable Foundation\r\nViking Global Foundation\r\nVital Impact Group<\/p>\r\n\r\n<h3 style=\"text-align: center;\">Gouv\u00e8nman<\/h3>\r\n<p style=\"text-align: center;\">Fon IOLA Eta New York<\/p>\r\n<p style=\"text-align: center;\">Depatman J\u00e8n ak Devlopman Kominot\u00e8 Vil Nouy\u00f2k<\/p>\r\n<p style=\"text-align: center;\">New York State Office of Court Administration \u2014 <em>Oversight Board for Judiciary Civil Legal Services Funds in New York<\/em><\/p>\r\n<p style=\"text-align: center;\">Depatman Edikasyon Etazini<\/p>\r\n<p style=\"text-align: center;\">United States Rehabilitation Services Administration, <em>through a subgrant from SPAN Parent Advocacy Network<\/em><\/p>","":null,"settings":""}}],"misc":{"disable_sticky_helpbar":false,"search_results":{"":null,"excerpt":"","featured_image":""}}},"yoast_head":"<!-- This site is optimized with the Yoast SEO plugin v27.2 - https:\/\/yoast.com\/product\/yoast-seo-wordpress\/ -->\n<title>Our Supporters - Advocates for Children of New York<\/title>\n<meta name=\"robots\" content=\"index, follow, max-snippet:-1, max-image-preview:large, max-video-preview:-1\" \/>\n<link rel=\"canonical\" href=\"https:\/\/advocatesforchildren.org\/ht\/our-supporters\/\" \/>\n<meta property=\"og:locale\" content=\"ht_HT\" \/>\n<meta property=\"og:type\" content=\"article\" \/>\n<meta property=\"og:title\" content=\"Our Supporters - Advocates for Children of New York\" \/>\n<meta property=\"og:url\" content=\"https:\/\/advocatesforchildren.org\/ht\/our-supporters\/\" \/>\n<meta property=\"og:site_name\" content=\"Advocates for Children of New York\" \/>\n<meta property=\"article:publisher\" content=\"https:\/\/www.facebook.com\/AdvocatesforChildren\/\" \/>\n<meta property=\"article:modified_time\" content=\"2026-02-03T21:01:48+00:00\" \/>\n<meta property=\"og:image\" content=\"https:\/\/advocatesforchildren.org\/wp-content\/uploads\/2024\/03\/share.jpg\" \/>\n\t<meta property=\"og:image:width\" content=\"1200\" \/>\n\t<meta property=\"og:image:height\" content=\"630\" \/>\n\t<meta property=\"og:image:type\" content=\"image\/jpeg\" \/>\n<meta name=\"twitter:card\" content=\"summary_large_image\" \/>\n<meta name=\"twitter:site\" content=\"@AFCNewYork\" \/>\n<script type=\"application\/ld+json\" class=\"yoast-schema-graph\">{\"@context\":\"https:\/\/schema.org\",\"@graph\":[{\"@type\":\"WebPage\",\"@id\":\"https:\/\/advocatesforchildren.org\/our-supporters\/\",\"url\":\"https:\/\/advocatesforchildren.org\/our-supporters\/\",\"name\":\"Our Supporters - Advocates for Children of New York\",\"isPartOf\":{\"@id\":\"https:\/\/advocatesforchildren.org\/#website\"},\"datePublished\":\"2024-03-13T17:58:13+00:00\",\"dateModified\":\"2026-02-03T21:01:48+00:00\",\"breadcrumb\":{\"@id\":\"https:\/\/advocatesforchildren.org\/our-supporters\/#breadcrumb\"},\"inLanguage\":\"ht\",\"potentialAction\":[{\"@type\":\"ReadAction\",\"target\":[\"https:\/\/advocatesforchildren.org\/our-supporters\/\"]}]},{\"@type\":\"BreadcrumbList\",\"@id\":\"https:\/\/advocatesforchildren.org\/our-supporters\/#breadcrumb\",\"itemListElement\":[{\"@type\":\"ListItem\",\"position\":1,\"name\":\"Home\",\"item\":\"https:\/\/advocatesforchildren.org\/\"},{\"@type\":\"ListItem\",\"position\":2,\"name\":\"Our Supporters\"}]},{\"@type\":\"WebSite\",\"@id\":\"https:\/\/advocatesforchildren.org\/#website\",\"url\":\"https:\/\/advocatesforchildren.org\/\",\"name\":\"Advocates for Children of New York\",\"description\":\"\",\"publisher\":{\"@id\":\"https:\/\/advocatesforchildren.org\/#organization\"},\"potentialAction\":[{\"@type\":\"SearchAction\",\"target\":{\"@type\":\"EntryPoint\",\"urlTemplate\":\"https:\/\/advocatesforchildren.org\/?s={search_term_string}\"},\"query-input\":{\"@type\":\"PropertyValueSpecification\",\"valueRequired\":true,\"valueName\":\"search_term_string\"}}],\"inLanguage\":\"ht\"},{\"@type\":\"Organization\",\"@id\":\"https:\/\/advocatesforchildren.org\/#organization\",\"name\":\"Advocates for Children of New York\",\"url\":\"https:\/\/advocatesforchildren.org\/\",\"logo\":{\"@type\":\"ImageObject\",\"inLanguage\":\"ht\",\"@id\":\"https:\/\/advocatesforchildren.org\/#\/schema\/logo\/image\/\",\"url\":\"https:\/\/advocatesforchildren.org\/wp-content\/uploads\/2024\/03\/afc-logo.png\",\"contentUrl\":\"https:\/\/advocatesforchildren.org\/wp-content\/uploads\/2024\/03\/afc-logo.png\",\"width\":696,\"height\":696,\"caption\":\"Advocates for Children of New York\"},\"image\":{\"@id\":\"https:\/\/advocatesforchildren.org\/#\/schema\/logo\/image\/\"},\"sameAs\":[\"https:\/\/www.facebook.com\/AdvocatesforChildren\/\",\"https:\/\/x.com\/AFCNewYork\"]}]}<\/script>\n<!-- \/ Yoast SEO plugin. -->","yoast_head_json":{"title":"Our Supporters - Advocates for Children of New York","robots":{"index":"index","follow":"follow","max-snippet":"max-snippet:-1","max-image-preview":"max-image-preview:large","max-video-preview":"max-video-preview:-1"},"canonical":"https:\/\/advocatesforchildren.org\/ht\/our-supporters\/","og_locale":"ht_HT","og_type":"article","og_title":"Our Supporters - Advocates for Children of New York","og_url":"https:\/\/advocatesforchildren.org\/ht\/our-supporters\/","og_site_name":"Advocates for Children of New York","article_publisher":"https:\/\/www.facebook.com\/AdvocatesforChildren\/","article_modified_time":"2026-02-03T21:01:48+00:00","og_image":[{"width":1200,"height":630,"url":"https:\/\/advocatesforchildren.org\/wp-content\/uploads\/2024\/03\/share.jpg","type":"image\/jpeg"}],"twitter_card":"summary_large_image","twitter_site":"@AFCNewYork","schema":{"@context":"https:\/\/schema.org","@graph":[{"@type":"WebPage","@id":"https:\/\/advocatesforchildren.org\/our-supporters\/","url":"https:\/\/advocatesforchildren.org\/our-supporters\/","name":"Our Supporters - Advocates for Children of New York","isPartOf":{"@id":"https:\/\/advocatesforchildren.org\/#website"},"datePublished":"2024-03-13T17:58:13+00:00","dateModified":"2026-02-03T21:01:48+00:00","breadcrumb":{"@id":"https:\/\/advocatesforchildren.org\/our-supporters\/#breadcrumb"},"inLanguage":"ht","potentialAction":[{"@type":"ReadAction","target":["https:\/\/advocatesforchildren.org\/our-supporters\/"]}]},{"@type":"BreadcrumbList","@id":"https:\/\/advocatesforchildren.org\/our-supporters\/#breadcrumb","itemListElement":[{"@type":"ListItem","position":1,"name":"Home","item":"https:\/\/advocatesforchildren.org\/"},{"@type":"ListItem","position":2,"name":"Our Supporters"}]},{"@type":"WebSite","@id":"https:\/\/advocatesforchildren.org\/#website","url":"https:\/\/advocatesforchildren.org\/","name":"Advocates for Children of New York","description":"","publisher":{"@id":"https:\/\/advocatesforchildren.org\/#organization"},"potentialAction":[{"@type":"SearchAction","target":{"@type":"EntryPoint","urlTemplate":"https:\/\/advocatesforchildren.org\/?s={search_term_string}"},"query-input":{"@type":"PropertyValueSpecification","valueRequired":true,"valueName":"search_term_string"}}],"inLanguage":"ht"},{"@type":"Organization","@id":"https:\/\/advocatesforchildren.org\/#organization","name":"Advocates for Children of New York","url":"https:\/\/advocatesforchildren.org\/","logo":{"@type":"ImageObject","inLanguage":"ht","@id":"https:\/\/advocatesforchildren.org\/#\/schema\/logo\/image\/","url":"https:\/\/advocatesforchildren.org\/wp-content\/uploads\/2024\/03\/afc-logo.png","contentUrl":"https:\/\/advocatesforchildren.org\/wp-content\/uploads\/2024\/03\/afc-logo.png","width":696,"height":696,"caption":"Advocates for Children of New York"},"image":{"@id":"https:\/\/advocatesforchildren.org\/#\/schema\/logo\/image\/"},"sameAs":["https:\/\/www.facebook.com\/AdvocatesforChildren\/","https:\/\/x.com\/AFCNewYork"]}]}},"_links":{"self":[{"href":"https:\/\/advocatesforchildren.org\/ht\/wp-json\/wp\/v2\/pages\/7809","targetHints":{"allow":["GET"]}}],"collection":[{"href":"https:\/\/advocatesforchildren.org\/ht\/wp-json\/wp\/v2\/pages"}],"about":[{"href":"https:\/\/advocatesforchildren.org\/ht\/wp-json\/wp\/v2\/types\/page"}],"author":[{"embeddable":true,"href":"https:\/\/advocatesforchildren.org\/ht\/wp-json\/wp\/v2\/users\/7"}],"replies":[{"embeddable":true,"href":"https:\/\/advocatesforchildren.org\/ht\/wp-json\/wp\/v2\/comments?post=7809"}],"version-history":[{"count":0,"href":"https:\/\/advocatesforchildren.org\/ht\/wp-json\/wp\/v2\/pages\/7809\/revisions"}],"wp:attachment":[{"href":"https:\/\/advocatesforchildren.org\/ht\/wp-json\/wp\/v2\/media?parent=7809"}],"curies":[{"name":"wp","href":"https:\/\/api.w.org\/{rel}","templated":true}]}}