{"id":6787,"date":"2024-03-08T12:54:44","date_gmt":"2024-03-08T17:54:44","guid":{"rendered":"https:\/\/advocatesforchildren.org\/?page_id=6787"},"modified":"2026-01-28T10:27:43","modified_gmt":"2026-01-28T15:27:43","slug":"our-partners","status":"publish","type":"page","link":"https:\/\/advocatesforchildren.org\/ht\/our-partners\/","title":{"rendered":"Patn\u00e8 nou yo"},"content":{"rendered":"","protected":false},"excerpt":{"rendered":"","protected":false},"author":7,"featured_media":0,"parent":0,"menu_order":0,"comment_status":"closed","ping_status":"closed","template":"","meta":{"_acf_changed":false},"class_list":["post-6787","page","type-page","status-publish","hentry"],"acf":{"component_hero":{"variant":"bg","":null,"subheader":"AFC partners with like-minded organizations, programs, and social service providers to ensure NYC youth and families have a strong network of support to help them reach their goals.","button":"","image":7358},"page_layout":[{"acf_fc_layout":"layout_wysiwyg","_acfe_flexible_toggle":null,"component_wysiwyg":{"content":"Pou tout <a href=\"https:\/\/advocatesforchildren.org\/ht\/who-we-serve\/\">popilasyon el\u00e8v AFC s\u00e8vi<\/a>, nou travay ak \u00f2ganizasyon patn\u00e8 pou rive jwenn plis el\u00e8v ak fanmi, pataje enf\u00f2masyon ak eksp\u00e8tiz, epi pwofite f\u00f2s kolektif nou an pou chanjman. Patenarya nou yo gen ladan dirijan oswa s\u00e8vi nan anpil <a href=\"https:\/\/advocatesforchildren.org\/ht\/policy-advocacy\/#column-list\">koalisyon ak f\u00f2s travay<\/a> focused on improving education and furthering reform.\r\n\r\nAFC also partners with many of New York\u2019s leading law firms to provide pro bono legal support to families needing representation through our <a href=\"https:\/\/advocatesforchildren.org\/ht\/pro-bono\/\">Pwogram Patn\u00e8 Pro Bono<\/a>.\r\n<h2>Pwoj\u00e8 Robin Hood<\/h2>\r\n<span style=\"font-weight: 400;\">Depi 2004, AFC genyen<\/span> patenarya<span style=\"font-weight: 400;\"> ak ajans ki sip\u00f2te pa <\/span><a href=\"http:\/\/www.robinhood.org\/home.aspx\"><span style=\"font-weight: 400;\">Sou ent\u00e8n\u00e8t jw\u00e8t Robin Hood<\/span><\/a><span style=\"font-weight: 400;\"> pou bay fanmi ki riske defans legal ak asistans apwofondi sou ka ki gen rap\u00f2 ak edikasyon. Anplis de sa, anplwaye Pwoj\u00e8 Robin Hood nou an f\u00e8 f\u00f2masyon ak atelye tou pou devlope kapasite ajans patn\u00e8 nou yo pou idantifye ak adrese pwobl\u00e8m poukont yo.\u00a0<\/span>\r\n\r\n<span style=\"font-weight: 400;\">Nou travay ak yon varyete \u00f2ganizasyon kominot\u00e8 ki finanse pa Robin Hood nan dom\u00e8n tankou vyolans domestik, pwogram timoun piti, edikasyon, swen sante, jistis jivenil, ak lojman tanpor\u00e8. Yo genyen ladan yo:<\/span>\r\n<ul>\r\n \t<li style=\"font-weight: 400;\" aria-level=\"1\"><a href=\"http:\/\/www.aliforneycenter.org\/\"><span style=\"font-weight: 400;\">Sant Ali Forney<\/span><\/a><\/li>\r\n \t<li style=\"font-weight: 400;\" aria-level=\"1\"><a href=\"https:\/\/www.avenuesforjustice.org\/\"><span style=\"font-weight: 400;\">Avni pou Jistis<\/span><\/a><\/li>\r\n \t<li style=\"font-weight: 400;\" aria-level=\"1\"><a href=\"http:\/\/www.bloomingdalefamilyprogram.org\/\"><span style=\"font-weight: 400;\">Pwogram pou Fanmi Bloomingdale<\/span><\/a><\/li>\r\n \t<li style=\"font-weight: 400;\" aria-level=\"1\"><a href=\"https:\/\/www.einsteinmed.edu\/centers\/childrens-evaluation-rehabilitation\/clinical-services\/specialized-centers.html\"><span style=\"font-weight: 400;\">Sant pou Tibebe, Timoun Piti ak Fanmi\/Sant Early Childhood (CBTF\/ECC) nan Montefiore<\/span><\/a><\/li>\r\n \t<li style=\"font-weight: 400;\" aria-level=\"1\"><a href=\"http:\/\/www.goprojectnyc.org\/\"><span style=\"font-weight: 400;\">Pwoj\u00e8 GO<\/span><\/a><\/li>\r\n \t<li aria-level=\"1\"><a href=\"https:\/\/goddard.org\/\">Goddard Riverside Community Center<\/a><\/li>\r\n \t<li style=\"font-weight: 400;\" aria-level=\"1\"><a href=\"https:\/\/meeth.northwell.edu\/center-for-learning-and-attention\"><span style=\"font-weight: 400;\">Lenox Hill Hospital's Center for Attention and Learning<\/span><\/a><\/li>\r\n \t<li style=\"font-weight: 400;\" aria-level=\"1\"><a href=\"http:\/\/www.teenhealthcare.org\/\"><span style=\"font-weight: 400;\">Sant Sante Adolesan Mt. Sinayi<\/span><\/a><\/li>\r\n \t<li style=\"font-weight: 400;\" aria-level=\"1\"><a href=\"http:\/\/www.promise-project.org\/\"><span style=\"font-weight: 400;\">PROMISE PROJECT nan Columbia University Medical Center<\/span><\/a><\/li>\r\n \t<li style=\"font-weight: 400;\" aria-level=\"1\"><a href=\"https:\/\/www.safehorizon.org\/\"><span style=\"font-weight: 400;\">Safe Horizon<\/span><\/a><\/li>\r\n \t<li style=\"font-weight: 400;\" aria-level=\"1\"><a href=\"http:\/\/www.sanctuaryforfamilies.org\/\"><span style=\"font-weight: 400;\">Sanctuaire pou Fanmi<\/span><\/a><\/li>\r\n \t<li style=\"font-weight: 400;\" aria-level=\"1\"><a href=\"http:\/\/www.sco.org\/\"><span style=\"font-weight: 400;\">SCO Fanmi S\u00e8vis<\/span><\/a><\/li>\r\n \t<li aria-level=\"1\"><a href=\"https:\/\/www.voceslatinas.org\" target=\"_blank\" rel=\"noopener\">Voces Latinas<\/a><\/li>\r\n<\/ul>","":null,"settings":""}}],"misc":{"disable_sticky_helpbar":false,"search_results":{"":null,"excerpt":"","featured_image":""}}},"yoast_head":"<!-- This site is optimized with the Yoast SEO plugin v27.2 - https:\/\/yoast.com\/product\/yoast-seo-wordpress\/ -->\n<title>Our Partners - Advocates for Children of New York<\/title>\n<meta name=\"robots\" content=\"index, follow, max-snippet:-1, max-image-preview:large, max-video-preview:-1\" \/>\n<link rel=\"canonical\" href=\"https:\/\/advocatesforchildren.org\/ht\/our-partners\/\" \/>\n<meta property=\"og:locale\" content=\"ht_HT\" \/>\n<meta property=\"og:type\" content=\"article\" \/>\n<meta property=\"og:title\" content=\"Our Partners - Advocates for Children of New York\" \/>\n<meta property=\"og:url\" content=\"https:\/\/advocatesforchildren.org\/ht\/our-partners\/\" \/>\n<meta property=\"og:site_name\" content=\"Advocates for Children of New York\" \/>\n<meta property=\"article:publisher\" content=\"https:\/\/www.facebook.com\/AdvocatesforChildren\/\" \/>\n<meta property=\"article:modified_time\" content=\"2026-01-28T15:27:43+00:00\" \/>\n<meta property=\"og:image\" content=\"https:\/\/advocatesforchildren.org\/wp-content\/uploads\/2024\/03\/share.jpg\" \/>\n\t<meta property=\"og:image:width\" content=\"1200\" \/>\n\t<meta property=\"og:image:height\" content=\"630\" \/>\n\t<meta property=\"og:image:type\" content=\"image\/jpeg\" \/>\n<meta name=\"twitter:card\" content=\"summary_large_image\" \/>\n<meta name=\"twitter:site\" content=\"@AFCNewYork\" \/>\n<script type=\"application\/ld+json\" class=\"yoast-schema-graph\">{\"@context\":\"https:\/\/schema.org\",\"@graph\":[{\"@type\":\"WebPage\",\"@id\":\"https:\/\/advocatesforchildren.org\/our-partners\/\",\"url\":\"https:\/\/advocatesforchildren.org\/our-partners\/\",\"name\":\"Our Partners - Advocates for Children of New York\",\"isPartOf\":{\"@id\":\"https:\/\/advocatesforchildren.org\/#website\"},\"datePublished\":\"2024-03-08T17:54:44+00:00\",\"dateModified\":\"2026-01-28T15:27:43+00:00\",\"breadcrumb\":{\"@id\":\"https:\/\/advocatesforchildren.org\/our-partners\/#breadcrumb\"},\"inLanguage\":\"ht\",\"potentialAction\":[{\"@type\":\"ReadAction\",\"target\":[\"https:\/\/advocatesforchildren.org\/our-partners\/\"]}]},{\"@type\":\"BreadcrumbList\",\"@id\":\"https:\/\/advocatesforchildren.org\/our-partners\/#breadcrumb\",\"itemListElement\":[{\"@type\":\"ListItem\",\"position\":1,\"name\":\"Home\",\"item\":\"https:\/\/advocatesforchildren.org\/\"},{\"@type\":\"ListItem\",\"position\":2,\"name\":\"Our Partners\"}]},{\"@type\":\"WebSite\",\"@id\":\"https:\/\/advocatesforchildren.org\/#website\",\"url\":\"https:\/\/advocatesforchildren.org\/\",\"name\":\"Advocates for Children of New York\",\"description\":\"\",\"publisher\":{\"@id\":\"https:\/\/advocatesforchildren.org\/#organization\"},\"potentialAction\":[{\"@type\":\"SearchAction\",\"target\":{\"@type\":\"EntryPoint\",\"urlTemplate\":\"https:\/\/advocatesforchildren.org\/?s={search_term_string}\"},\"query-input\":{\"@type\":\"PropertyValueSpecification\",\"valueRequired\":true,\"valueName\":\"search_term_string\"}}],\"inLanguage\":\"ht\"},{\"@type\":\"Organization\",\"@id\":\"https:\/\/advocatesforchildren.org\/#organization\",\"name\":\"Advocates for Children of New York\",\"url\":\"https:\/\/advocatesforchildren.org\/\",\"logo\":{\"@type\":\"ImageObject\",\"inLanguage\":\"ht\",\"@id\":\"https:\/\/advocatesforchildren.org\/#\/schema\/logo\/image\/\",\"url\":\"https:\/\/advocatesforchildren.org\/wp-content\/uploads\/2024\/03\/afc-logo.png\",\"contentUrl\":\"https:\/\/advocatesforchildren.org\/wp-content\/uploads\/2024\/03\/afc-logo.png\",\"width\":696,\"height\":696,\"caption\":\"Advocates for Children of New York\"},\"image\":{\"@id\":\"https:\/\/advocatesforchildren.org\/#\/schema\/logo\/image\/\"},\"sameAs\":[\"https:\/\/www.facebook.com\/AdvocatesforChildren\/\",\"https:\/\/x.com\/AFCNewYork\"]}]}<\/script>\n<!-- \/ Yoast SEO plugin. -->","yoast_head_json":{"title":"Our Partners - Advocates for Children of New York","robots":{"index":"index","follow":"follow","max-snippet":"max-snippet:-1","max-image-preview":"max-image-preview:large","max-video-preview":"max-video-preview:-1"},"canonical":"https:\/\/advocatesforchildren.org\/ht\/our-partners\/","og_locale":"ht_HT","og_type":"article","og_title":"Our Partners - Advocates for Children of New York","og_url":"https:\/\/advocatesforchildren.org\/ht\/our-partners\/","og_site_name":"Advocates for Children of New York","article_publisher":"https:\/\/www.facebook.com\/AdvocatesforChildren\/","article_modified_time":"2026-01-28T15:27:43+00:00","og_image":[{"width":1200,"height":630,"url":"https:\/\/advocatesforchildren.org\/wp-content\/uploads\/2024\/03\/share.jpg","type":"image\/jpeg"}],"twitter_card":"summary_large_image","twitter_site":"@AFCNewYork","schema":{"@context":"https:\/\/schema.org","@graph":[{"@type":"WebPage","@id":"https:\/\/advocatesforchildren.org\/our-partners\/","url":"https:\/\/advocatesforchildren.org\/our-partners\/","name":"Our Partners - Advocates for Children of New York","isPartOf":{"@id":"https:\/\/advocatesforchildren.org\/#website"},"datePublished":"2024-03-08T17:54:44+00:00","dateModified":"2026-01-28T15:27:43+00:00","breadcrumb":{"@id":"https:\/\/advocatesforchildren.org\/our-partners\/#breadcrumb"},"inLanguage":"ht","potentialAction":[{"@type":"ReadAction","target":["https:\/\/advocatesforchildren.org\/our-partners\/"]}]},{"@type":"BreadcrumbList","@id":"https:\/\/advocatesforchildren.org\/our-partners\/#breadcrumb","itemListElement":[{"@type":"ListItem","position":1,"name":"Home","item":"https:\/\/advocatesforchildren.org\/"},{"@type":"ListItem","position":2,"name":"Our Partners"}]},{"@type":"WebSite","@id":"https:\/\/advocatesforchildren.org\/#website","url":"https:\/\/advocatesforchildren.org\/","name":"Advocates for Children of New York","description":"","publisher":{"@id":"https:\/\/advocatesforchildren.org\/#organization"},"potentialAction":[{"@type":"SearchAction","target":{"@type":"EntryPoint","urlTemplate":"https:\/\/advocatesforchildren.org\/?s={search_term_string}"},"query-input":{"@type":"PropertyValueSpecification","valueRequired":true,"valueName":"search_term_string"}}],"inLanguage":"ht"},{"@type":"Organization","@id":"https:\/\/advocatesforchildren.org\/#organization","name":"Advocates for Children of New York","url":"https:\/\/advocatesforchildren.org\/","logo":{"@type":"ImageObject","inLanguage":"ht","@id":"https:\/\/advocatesforchildren.org\/#\/schema\/logo\/image\/","url":"https:\/\/advocatesforchildren.org\/wp-content\/uploads\/2024\/03\/afc-logo.png","contentUrl":"https:\/\/advocatesforchildren.org\/wp-content\/uploads\/2024\/03\/afc-logo.png","width":696,"height":696,"caption":"Advocates for Children of New York"},"image":{"@id":"https:\/\/advocatesforchildren.org\/#\/schema\/logo\/image\/"},"sameAs":["https:\/\/www.facebook.com\/AdvocatesforChildren\/","https:\/\/x.com\/AFCNewYork"]}]}},"_links":{"self":[{"href":"https:\/\/advocatesforchildren.org\/ht\/wp-json\/wp\/v2\/pages\/6787","targetHints":{"allow":["GET"]}}],"collection":[{"href":"https:\/\/advocatesforchildren.org\/ht\/wp-json\/wp\/v2\/pages"}],"about":[{"href":"https:\/\/advocatesforchildren.org\/ht\/wp-json\/wp\/v2\/types\/page"}],"author":[{"embeddable":true,"href":"https:\/\/advocatesforchildren.org\/ht\/wp-json\/wp\/v2\/users\/7"}],"replies":[{"embeddable":true,"href":"https:\/\/advocatesforchildren.org\/ht\/wp-json\/wp\/v2\/comments?post=6787"}],"version-history":[{"count":0,"href":"https:\/\/advocatesforchildren.org\/ht\/wp-json\/wp\/v2\/pages\/6787\/revisions"}],"wp:attachment":[{"href":"https:\/\/advocatesforchildren.org\/ht\/wp-json\/wp\/v2\/media?parent=6787"}],"curies":[{"name":"wp","href":"https:\/\/api.w.org\/{rel}","templated":true}]}}