{"id":6549,"date":"2024-03-07T11:23:28","date_gmt":"2024-03-07T16:23:28","guid":{"rendered":"https:\/\/advocatesforchildren.org\/?page_id=6549"},"modified":"2025-08-13T15:16:20","modified_gmt":"2025-08-13T19:16:20","slug":"junior-board","status":"publish","type":"page","link":"https:\/\/advocatesforchildren.org\/ht\/junior-board\/","title":{"rendered":"Komisyon Kons\u00e8y Junior"},"content":{"rendered":"","protected":false},"excerpt":{"rendered":"","protected":false},"author":7,"featured_media":0,"parent":0,"menu_order":0,"comment_status":"closed","ping_status":"closed","template":"","meta":{"_acf_changed":false},"class_list":["post-6549","page","type-page","status-publish","hentry"],"acf":{"component_hero":{"variant":"bg","":null,"subheader":"","button":"","image":7831},"page_layout":[{"acf_fc_layout":"layout_wysiwyg","_acfe_flexible_toggle":"","component_wysiwyg":{"content":"Founded in 2005, AFC's Junior Board is a group of dedicated young professionals that supports and promotes the organization\u2019s mission, helps expand awareness of AFC\u2019s programs, and draws attention to issues affecting the communities it serves.\r\n\r\nThe Junior Board offers members a collegial culture that encourages and supports collaboration, open communication, and initiative. Teamwork is at the heart of the Junior Board\u2019s contributions to the AFC mission as members with diverse professional backgrounds apply their ideas, skills, and passion to support AFC\u2019s mission through fundraising, social media outreach, and networking.\r\n\r\nMembership on the Junior Board gives members the opportunity to develop leadership skills in a philanthropic environment and to advance their talents through challenging volunteer assignments. Members also acquire new business and personal contacts as they reach out on behalf of the organization.\r\n\r\nMembership requirements include:\r\n<ul>\r\n \t<li>Patisipe nan reyinyon chak trim\u00e8s;<\/li>\r\n \t<li>Patisipe nan omwen yon komite Kons\u00e8y Junior (Kominikasyon, Devlopman, oswa Manm);<\/li>\r\n \t<li>Bay oswa jwenn yon kontribisyon any\u00e8l chak ane fiskal (1ye jiy\u00e8\u201430 jen); epi<\/li>\r\n \t<li>Pote yon pasyon ak enter\u00e8 nan edikasyon ak yon devouman nan misyon AFC.<\/li>\r\n<\/ul>\r\n&nbsp;","":null,"settings":["disable-bottom-padding"]}},{"acf_fc_layout":"layout_wysiwyg","_acfe_flexible_toggle":"","component_wysiwyg":{"content":"<h2 style=\"text-align: center;\">Rankontre Kons\u00e8y Junior la<\/h2>\r\n\r\n<hr \/>\r\n<p style=\"text-align: center;\"><strong>Alexandra Rodrigues, <em>Prezidan<\/em><\/strong>\r\nArcalon, Inc.<\/p>\r\n<p style=\"text-align: center;\"><strong>Jackie Kahan, <em>Trezorye<\/em><\/strong>\r\nFoley Hoag LLP<\/p>\r\n<p style=\"text-align: center;\"><strong>Jennifer Park, <em>Prezidan manm<\/em><\/strong>\r\nMorgan Stanley<\/p>\r\n<p style=\"text-align: center;\"><strong>Jill Steinman, <em>Sekret\u00e8<\/em><\/strong>\r\nReevemark<\/p>\r\n<p style=\"text-align: center;\"><strong>Elisheva Adler<\/strong><\/p>\r\n<p style=\"text-align: center;\"><strong>Amy Cooperstein<\/strong>\r\nEpstein Becker Green PC<\/p>\r\n<p style=\"text-align: center;\"><strong>Jeremy Goldberg<\/strong>\r\nKapital Squarepoint<\/p>\r\n<p style=\"text-align: center;\"><strong>Yukta Gutta<\/strong><\/p>\r\n<p style=\"text-align: center;\"><strong>Andre Hall<\/strong>\r\nNelson Mullins Riley &amp; Scarborough LLP<\/p>\r\n<p style=\"text-align: center;\"><strong>Jovhann Egalite<\/strong><\/p>\r\n<p style=\"text-align: center;\"><strong>Katie Fehrenbaker<\/strong><\/p>\r\n<p style=\"text-align: center;\"><strong>Alissa Jacques<\/strong><\/p>\r\n<p style=\"text-align: center;\"><strong>Arthur Ji<\/strong><\/p>\r\n<p style=\"text-align: center;\"><strong>Amanda Karasyk<\/strong>\r\nQuad Preparatory School<\/p>\r\n<p style=\"text-align: center;\"><strong>Carl Lasker<\/strong><\/p>\r\n<p style=\"text-align: center;\"><strong>Melissa Livingston<\/strong><\/p>\r\n<p style=\"text-align: center;\"><strong>Abel McDaniels<\/strong><\/p>\r\n<p style=\"text-align: center;\"><strong>Maddie Milligan<\/strong><\/p>\r\n<p style=\"text-align: center;\"><strong>Haley Morris<\/strong><\/p>\r\n<p style=\"text-align: center;\"><strong>Monika Patel<\/strong><\/p>\r\n<p style=\"text-align: center;\"><strong>Navya Prabhushankar<\/strong>\r\nLogik.io<\/p>\r\n<p style=\"text-align: center;\"><strong>Elizabeth Smith<\/strong><\/p>\r\n<p style=\"text-align: center;\"><strong>Taylor Smith<\/strong><\/p>\r\n<p style=\"text-align: center;\"><strong>Samantha Steinberg\u00a0<\/strong><\/p>\r\n<p style=\"text-align: center;\"><strong>Dolly Thomas<\/strong>\r\nNew York City Health &amp; Hospitals \u2013 Queens<\/p>","":null,"settings":""}},{"acf_fc_layout":"layout_callout","_acfe_flexible_toggle":"","component_callout":{"":null,"top_headline":"","headline":"Interested in joining the Junior Board?","excerpt":"Nou toujou ap ch\u00e8che j\u00e8n pwofesyon\u00e8l ki motive, ki baze sou misyon ki vle f\u00e8 yon diferans nan lavi etidyan Vil Nouy\u00f2k yo. Tanpri voye yon aplikasyon ki ranpli ak yon kopi rezime w ki ajou nan afcmembership@gmail.com. Yo revize aplikasyon yo chak ane nan sezon ot\u00f2n la epi yo dwe f\u00e8t anvan 30 septanm.","button":{"title":"View the application","url":"https:\/\/advocatesforchildren.org\/wp-content\/uploads\/library\/NP_JB_application.pdf","target":"_blank"},"image":75,"settings":{"":null,"settings":""}}}],"misc":{"disable_sticky_helpbar":false,"search_results":{"":null,"excerpt":"","featured_image":""}}},"yoast_head":"<!-- This site is optimized with the Yoast SEO plugin v27.2 - https:\/\/yoast.com\/product\/yoast-seo-wordpress\/ -->\n<title>Junior Board - Advocates for Children of New York<\/title>\n<meta name=\"robots\" content=\"index, follow, max-snippet:-1, max-image-preview:large, max-video-preview:-1\" \/>\n<link rel=\"canonical\" href=\"https:\/\/advocatesforchildren.org\/ht\/junior-board\/\" \/>\n<meta property=\"og:locale\" content=\"ht_HT\" \/>\n<meta property=\"og:type\" content=\"article\" \/>\n<meta property=\"og:title\" content=\"Junior Board - Advocates for Children of New York\" \/>\n<meta property=\"og:url\" content=\"https:\/\/advocatesforchildren.org\/ht\/junior-board\/\" \/>\n<meta property=\"og:site_name\" content=\"Advocates for Children of New York\" \/>\n<meta property=\"article:publisher\" content=\"https:\/\/www.facebook.com\/AdvocatesforChildren\/\" \/>\n<meta property=\"article:modified_time\" content=\"2025-08-13T19:16:20+00:00\" \/>\n<meta property=\"og:image\" content=\"https:\/\/advocatesforchildren.org\/wp-content\/uploads\/2024\/03\/share.jpg\" \/>\n\t<meta property=\"og:image:width\" content=\"1200\" \/>\n\t<meta property=\"og:image:height\" content=\"630\" \/>\n\t<meta property=\"og:image:type\" content=\"image\/jpeg\" \/>\n<meta name=\"twitter:card\" content=\"summary_large_image\" \/>\n<meta name=\"twitter:site\" content=\"@AFCNewYork\" \/>\n<script type=\"application\/ld+json\" class=\"yoast-schema-graph\">{\"@context\":\"https:\/\/schema.org\",\"@graph\":[{\"@type\":\"WebPage\",\"@id\":\"https:\/\/advocatesforchildren.org\/junior-board\/\",\"url\":\"https:\/\/advocatesforchildren.org\/junior-board\/\",\"name\":\"Junior Board - Advocates for Children of New York\",\"isPartOf\":{\"@id\":\"https:\/\/advocatesforchildren.org\/#website\"},\"datePublished\":\"2024-03-07T16:23:28+00:00\",\"dateModified\":\"2025-08-13T19:16:20+00:00\",\"breadcrumb\":{\"@id\":\"https:\/\/advocatesforchildren.org\/junior-board\/#breadcrumb\"},\"inLanguage\":\"ht\",\"potentialAction\":[{\"@type\":\"ReadAction\",\"target\":[\"https:\/\/advocatesforchildren.org\/junior-board\/\"]}]},{\"@type\":\"BreadcrumbList\",\"@id\":\"https:\/\/advocatesforchildren.org\/junior-board\/#breadcrumb\",\"itemListElement\":[{\"@type\":\"ListItem\",\"position\":1,\"name\":\"Home\",\"item\":\"https:\/\/advocatesforchildren.org\/\"},{\"@type\":\"ListItem\",\"position\":2,\"name\":\"Junior Board\"}]},{\"@type\":\"WebSite\",\"@id\":\"https:\/\/advocatesforchildren.org\/#website\",\"url\":\"https:\/\/advocatesforchildren.org\/\",\"name\":\"Advocates for Children of New York\",\"description\":\"\",\"publisher\":{\"@id\":\"https:\/\/advocatesforchildren.org\/#organization\"},\"potentialAction\":[{\"@type\":\"SearchAction\",\"target\":{\"@type\":\"EntryPoint\",\"urlTemplate\":\"https:\/\/advocatesforchildren.org\/?s={search_term_string}\"},\"query-input\":{\"@type\":\"PropertyValueSpecification\",\"valueRequired\":true,\"valueName\":\"search_term_string\"}}],\"inLanguage\":\"ht\"},{\"@type\":\"Organization\",\"@id\":\"https:\/\/advocatesforchildren.org\/#organization\",\"name\":\"Advocates for Children of New York\",\"url\":\"https:\/\/advocatesforchildren.org\/\",\"logo\":{\"@type\":\"ImageObject\",\"inLanguage\":\"ht\",\"@id\":\"https:\/\/advocatesforchildren.org\/#\/schema\/logo\/image\/\",\"url\":\"https:\/\/advocatesforchildren.org\/wp-content\/uploads\/2024\/03\/afc-logo.png\",\"contentUrl\":\"https:\/\/advocatesforchildren.org\/wp-content\/uploads\/2024\/03\/afc-logo.png\",\"width\":696,\"height\":696,\"caption\":\"Advocates for Children of New York\"},\"image\":{\"@id\":\"https:\/\/advocatesforchildren.org\/#\/schema\/logo\/image\/\"},\"sameAs\":[\"https:\/\/www.facebook.com\/AdvocatesforChildren\/\",\"https:\/\/x.com\/AFCNewYork\"]}]}<\/script>\n<!-- \/ Yoast SEO plugin. -->","yoast_head_json":{"title":"Junior Board - Advocates for Children of New York","robots":{"index":"index","follow":"follow","max-snippet":"max-snippet:-1","max-image-preview":"max-image-preview:large","max-video-preview":"max-video-preview:-1"},"canonical":"https:\/\/advocatesforchildren.org\/ht\/junior-board\/","og_locale":"ht_HT","og_type":"article","og_title":"Junior Board - Advocates for Children of New York","og_url":"https:\/\/advocatesforchildren.org\/ht\/junior-board\/","og_site_name":"Advocates for Children of New York","article_publisher":"https:\/\/www.facebook.com\/AdvocatesforChildren\/","article_modified_time":"2025-08-13T19:16:20+00:00","og_image":[{"width":1200,"height":630,"url":"https:\/\/advocatesforchildren.org\/wp-content\/uploads\/2024\/03\/share.jpg","type":"image\/jpeg"}],"twitter_card":"summary_large_image","twitter_site":"@AFCNewYork","schema":{"@context":"https:\/\/schema.org","@graph":[{"@type":"WebPage","@id":"https:\/\/advocatesforchildren.org\/junior-board\/","url":"https:\/\/advocatesforchildren.org\/junior-board\/","name":"Junior Board - Advocates for Children of New York","isPartOf":{"@id":"https:\/\/advocatesforchildren.org\/#website"},"datePublished":"2024-03-07T16:23:28+00:00","dateModified":"2025-08-13T19:16:20+00:00","breadcrumb":{"@id":"https:\/\/advocatesforchildren.org\/junior-board\/#breadcrumb"},"inLanguage":"ht","potentialAction":[{"@type":"ReadAction","target":["https:\/\/advocatesforchildren.org\/junior-board\/"]}]},{"@type":"BreadcrumbList","@id":"https:\/\/advocatesforchildren.org\/junior-board\/#breadcrumb","itemListElement":[{"@type":"ListItem","position":1,"name":"Home","item":"https:\/\/advocatesforchildren.org\/"},{"@type":"ListItem","position":2,"name":"Junior Board"}]},{"@type":"WebSite","@id":"https:\/\/advocatesforchildren.org\/#website","url":"https:\/\/advocatesforchildren.org\/","name":"Advocates for Children of New York","description":"","publisher":{"@id":"https:\/\/advocatesforchildren.org\/#organization"},"potentialAction":[{"@type":"SearchAction","target":{"@type":"EntryPoint","urlTemplate":"https:\/\/advocatesforchildren.org\/?s={search_term_string}"},"query-input":{"@type":"PropertyValueSpecification","valueRequired":true,"valueName":"search_term_string"}}],"inLanguage":"ht"},{"@type":"Organization","@id":"https:\/\/advocatesforchildren.org\/#organization","name":"Advocates for Children of New York","url":"https:\/\/advocatesforchildren.org\/","logo":{"@type":"ImageObject","inLanguage":"ht","@id":"https:\/\/advocatesforchildren.org\/#\/schema\/logo\/image\/","url":"https:\/\/advocatesforchildren.org\/wp-content\/uploads\/2024\/03\/afc-logo.png","contentUrl":"https:\/\/advocatesforchildren.org\/wp-content\/uploads\/2024\/03\/afc-logo.png","width":696,"height":696,"caption":"Advocates for Children of New York"},"image":{"@id":"https:\/\/advocatesforchildren.org\/#\/schema\/logo\/image\/"},"sameAs":["https:\/\/www.facebook.com\/AdvocatesforChildren\/","https:\/\/x.com\/AFCNewYork"]}]}},"_links":{"self":[{"href":"https:\/\/advocatesforchildren.org\/ht\/wp-json\/wp\/v2\/pages\/6549","targetHints":{"allow":["GET"]}}],"collection":[{"href":"https:\/\/advocatesforchildren.org\/ht\/wp-json\/wp\/v2\/pages"}],"about":[{"href":"https:\/\/advocatesforchildren.org\/ht\/wp-json\/wp\/v2\/types\/page"}],"author":[{"embeddable":true,"href":"https:\/\/advocatesforchildren.org\/ht\/wp-json\/wp\/v2\/users\/7"}],"replies":[{"embeddable":true,"href":"https:\/\/advocatesforchildren.org\/ht\/wp-json\/wp\/v2\/comments?post=6549"}],"version-history":[{"count":0,"href":"https:\/\/advocatesforchildren.org\/ht\/wp-json\/wp\/v2\/pages\/6549\/revisions"}],"wp:attachment":[{"href":"https:\/\/advocatesforchildren.org\/ht\/wp-json\/wp\/v2\/media?parent=6549"}],"curies":[{"name":"wp","href":"https:\/\/api.w.org\/{rel}","templated":true}]}}