{"id":8008,"date":"2024-03-14T11:16:36","date_gmt":"2024-03-14T16:16:36","guid":{"rendered":"https:\/\/advocatesforchildren.org\/?page_id=8008"},"modified":"2024-03-20T16:47:26","modified_gmt":"2024-03-20T21:47:26","slug":"pro-bono","status":"publish","type":"page","link":"https:\/\/advocatesforchildren.org\/fr\/pro-bono\/","title":{"rendered":"Programme de partenaires Pro Bono"},"content":{"rendered":"","protected":false},"excerpt":{"rendered":"","protected":false},"author":7,"featured_media":0,"parent":0,"menu_order":0,"comment_status":"closed","ping_status":"closed","template":"","meta":{"_acf_changed":false},"class_list":["post-8008","page","type-page","status-publish","hentry"],"acf":{"component_hero":{"variant":"bg","":null,"subheader":"","button":"","image":6518},"page_layout":[{"acf_fc_layout":"layout_wysiwyg","_acfe_flexible_toggle":"","component_wysiwyg":{"content":"L\u2019AFC fournit une repr\u00e9sentation gratuite pour des cas individuels lorsqu\u2019une action en justice est n\u00e9cessaire. Cependant, le personnel juridique de l\u2019AFC n\u2019a la capacit\u00e9 de fournir une repr\u00e9sentation gratuite qu\u2019\u00e0 un nombre limit\u00e9 de familles. Notre <strong>Programme de partenaires Pro Bono<\/strong> a \u00e9t\u00e9 cr\u00e9\u00e9 pour permettre aux avocats de l&#039;AFC de s&#039;associer \u00e0 des cabinets d&#039;avocats dans toute la ville de New York, afin qu&#039;un plus grand nombre d&#039;enfants puissent b\u00e9n\u00e9ficier de l&#039;aide juridique dont ils ont besoin \u2013 et donc de l&#039;\u00e9ducation qu&#039;ils m\u00e9ritent. Le but ultime de ces partenariats n&#039;est pas seulement de servir nos familles actuelles, mais aussi de d\u00e9velopper un groupe croissant d&#039;avocats form\u00e9s au droit et \u00e0 la proc\u00e9dure en mati\u00e8re d&#039;\u00e9ducation, et d&#039;augmenter le nombre de d\u00e9fenseurs form\u00e9s et efficaces disponibles pour prot\u00e9ger le droit \u00e0 l&#039;apprentissage dans l&#039;\u00c9tat de New York. Les enfants les plus vuln\u00e9rables de la ville.","":null,"settings":["disable-bottom-padding"]}},{"acf_fc_layout":"layout_image","_acfe_flexible_toggle":"","component_image":{"image":8009,"helper_width":"narrow","settings":{"":null,"settings":""}}},{"acf_fc_layout":"layout_pull_quote","_acfe_flexible_toggle":"","component_pull_quote":{"":null,"quote":"A child with an education has the capacity to fulfill his or her dreams. To help a child have that opportunity makes this among the most meaningful legal work I have ever done.","cite":"Caroline Heller, pro bono&nbsp;volunteer","settings":{"":null,"settings":["disable-top-padding","disable-bottom-padding"]}}},{"acf_fc_layout":"layout_wysiwyg","_acfe_flexible_toggle":"","component_wysiwyg":{"content":"Advocates for Children s\u00e9lectionne des partenariats avec des entreprises priv\u00e9es en fonction de l&#039;int\u00e9r\u00eat et de la disponibilit\u00e9 des avocats, de la capacit\u00e9 du personnel et du potentiel d&#039;une relation \u00e0 long terme. La politique de l&#039;AFC est de travailler avec des entreprises qui d\u00e9montrent un engagement sur ces questions ainsi que de renforcer les capacit\u00e9s internes. \u00c0 l&#039;heure actuelle, l&#039;AFC est en partenariat avec plus de vingt cabinets d&#039;avocats repr\u00e9sentant les \u00e9tudiants et les familles pour garantir le soutien \u00e9ducatif auquel ils ont droit par la loi, mais qui, pour une raison quelconque, leur a \u00e9t\u00e9 refus\u00e9.","":null,"settings":["disable-bottom-padding"]}},{"acf_fc_layout":"layout_list_of_links","_acfe_flexible_toggle":"","component_list_of_links":{"heading":"","desc":"","links":[{"type":"internal","file":null,"external_url":"","internal_page":8012,"title":"Learn more about our pro bono model","date":""}],"settings":{"":null,"settings":["disable-top-padding","disable-bottom-padding"]}}},{"acf_fc_layout":"layout_wysiwyg","_acfe_flexible_toggle":"","component_wysiwyg":{"content":"<h2>Nos entreprises phares<\/h2>\r\nL&#039;AFC est fi\u00e8re de son programme d&#039;entreprises phares pro bono\u00a0; Les entreprises phares mettent \u00e0 disposition un partenaire et un coordinateur d\u00e9di\u00e9s et prennent en charge des cas suppl\u00e9mentaires. \u00c0 mesure que ces cabinets d\u00e9veloppent leur expertise et \u00e9largissent leur capacit\u00e9 pro bono, l\u2019AFC est en mesure de repr\u00e9senter davantage de familles.\r\n<p style=\"text-align: center;\">Arnold &amp; Porter\r\nDavis Polk &amp; Wardwell LLP\r\nDebevoise &amp; Plimpton LLP\r\nGreenberg Traurig, LLP\r\nMorrison &amp; Foerster LLP\r\nO\u2019Melveny &amp; Myers LLP\r\nPatterson Belknap Webb &amp; Tyler LLP\r\nQuinn Emanuel Urquhart &amp; Sullivan, LLP\r\nWeil, Gotshal &amp; Manges LLP<\/p>\r\n\r\n<h3 style=\"text-align: center;\">Nos partenaires Pro Bono<\/h3>\r\n<p style=\"text-align: center;\">Akin, Gump, Strauss, Hauer &amp; Feld LLP\r\nCleary Gottlieb Steen &amp; Hamilton LLP\r\nCozen O'Connor LLP\r\nDechert LLP\r\nDLA Piper LLP (US)\r\nFoley &amp; Lardner LLP\r\nFragomen, Del Rey, Bernsen &amp; Loewy LLP\r\nGibson Dunn &amp; Crutcher LLP\r\nKramer Levin Naftalis &amp; Frankel LLP\r\nMilbank LLP\r\nMorgan, Lewis &amp; Bockius LLP\r\nPaul, Weiss, Rifkind, Wharton &amp; Garrison LLP\r\nProskauer Rose LLP\r\nReed Smith LLP\r\nRopes &amp; Gray LLP\r\nSedgwick LLP\r\nSidley Austin LLP\r\nSimpson Thacher &amp; Bartlett LLP\r\nSkadden, Arps, Slate, Meagher &amp; Flom LLP\r\nWilkinson Stekloff LLP\r\nWilmer Cutler Pickering Hale and Dorr LLP<\/p>","":null,"settings":""}}],"misc":{"disable_sticky_helpbar":false,"search_results":{"":null,"excerpt":"","featured_image":""}}},"yoast_head":"<!-- This site is optimized with the Yoast SEO plugin v27.2 - https:\/\/yoast.com\/product\/yoast-seo-wordpress\/ -->\n<title>Pro Bono Partners Program - Advocates for Children of New York<\/title>\n<meta name=\"description\" content=\"Our Pro Bono Partners Program was created to allow AFC attorneys to partner with law firms throughout New York City, so that more children can get the legal help they need \u2013 and hence the education they deserve.\" \/>\n<meta name=\"robots\" content=\"index, follow, max-snippet:-1, max-image-preview:large, max-video-preview:-1\" \/>\n<link rel=\"canonical\" href=\"https:\/\/advocatesforchildren.org\/fr\/pro-bono\/\" \/>\n<meta property=\"og:locale\" content=\"fr_FR\" \/>\n<meta property=\"og:type\" content=\"article\" \/>\n<meta property=\"og:title\" content=\"Pro Bono Partners Program - Advocates for Children of New York\" \/>\n<meta property=\"og:description\" content=\"Our Pro Bono Partners Program was created to allow AFC attorneys to partner with law firms throughout New York City, so that more children can get the legal help they need \u2013 and hence the education they deserve.\" \/>\n<meta property=\"og:url\" content=\"https:\/\/advocatesforchildren.org\/fr\/pro-bono\/\" \/>\n<meta property=\"og:site_name\" content=\"Advocates for Children of New York\" \/>\n<meta property=\"article:publisher\" content=\"https:\/\/www.facebook.com\/AdvocatesforChildren\/\" \/>\n<meta property=\"article:modified_time\" content=\"2024-03-20T21:47:26+00:00\" \/>\n<meta property=\"og:image\" content=\"https:\/\/advocatesforchildren.org\/wp-content\/uploads\/2024\/03\/share.jpg\" \/>\n\t<meta property=\"og:image:width\" content=\"1200\" \/>\n\t<meta property=\"og:image:height\" content=\"630\" \/>\n\t<meta property=\"og:image:type\" content=\"image\/jpeg\" \/>\n<meta name=\"twitter:card\" content=\"summary_large_image\" \/>\n<meta name=\"twitter:site\" content=\"@AFCNewYork\" \/>\n<script type=\"application\/ld+json\" class=\"yoast-schema-graph\">{\"@context\":\"https:\/\/schema.org\",\"@graph\":[{\"@type\":\"WebPage\",\"@id\":\"https:\/\/advocatesforchildren.org\/pro-bono\/\",\"url\":\"https:\/\/advocatesforchildren.org\/pro-bono\/\",\"name\":\"Pro Bono Partners Program - Advocates for Children of New York\",\"isPartOf\":{\"@id\":\"https:\/\/advocatesforchildren.org\/#website\"},\"datePublished\":\"2024-03-14T16:16:36+00:00\",\"dateModified\":\"2024-03-20T21:47:26+00:00\",\"description\":\"Our Pro Bono Partners Program was created to allow AFC attorneys to partner with law firms throughout New York City, so that more children can get the legal help they need \u2013 and hence the education they deserve.\",\"breadcrumb\":{\"@id\":\"https:\/\/advocatesforchildren.org\/pro-bono\/#breadcrumb\"},\"inLanguage\":\"fr-FR\",\"potentialAction\":[{\"@type\":\"ReadAction\",\"target\":[\"https:\/\/advocatesforchildren.org\/pro-bono\/\"]}]},{\"@type\":\"BreadcrumbList\",\"@id\":\"https:\/\/advocatesforchildren.org\/pro-bono\/#breadcrumb\",\"itemListElement\":[{\"@type\":\"ListItem\",\"position\":1,\"name\":\"Home\",\"item\":\"https:\/\/advocatesforchildren.org\/\"},{\"@type\":\"ListItem\",\"position\":2,\"name\":\"Pro Bono Partners Program\"}]},{\"@type\":\"WebSite\",\"@id\":\"https:\/\/advocatesforchildren.org\/#website\",\"url\":\"https:\/\/advocatesforchildren.org\/\",\"name\":\"Advocates for Children of New York\",\"description\":\"\",\"publisher\":{\"@id\":\"https:\/\/advocatesforchildren.org\/#organization\"},\"potentialAction\":[{\"@type\":\"SearchAction\",\"target\":{\"@type\":\"EntryPoint\",\"urlTemplate\":\"https:\/\/advocatesforchildren.org\/?s={search_term_string}\"},\"query-input\":{\"@type\":\"PropertyValueSpecification\",\"valueRequired\":true,\"valueName\":\"search_term_string\"}}],\"inLanguage\":\"fr-FR\"},{\"@type\":\"Organization\",\"@id\":\"https:\/\/advocatesforchildren.org\/#organization\",\"name\":\"Advocates for Children of New York\",\"url\":\"https:\/\/advocatesforchildren.org\/\",\"logo\":{\"@type\":\"ImageObject\",\"inLanguage\":\"fr-FR\",\"@id\":\"https:\/\/advocatesforchildren.org\/#\/schema\/logo\/image\/\",\"url\":\"https:\/\/advocatesforchildren.org\/wp-content\/uploads\/2024\/03\/afc-logo.png\",\"contentUrl\":\"https:\/\/advocatesforchildren.org\/wp-content\/uploads\/2024\/03\/afc-logo.png\",\"width\":696,\"height\":696,\"caption\":\"Advocates for Children of New York\"},\"image\":{\"@id\":\"https:\/\/advocatesforchildren.org\/#\/schema\/logo\/image\/\"},\"sameAs\":[\"https:\/\/www.facebook.com\/AdvocatesforChildren\/\",\"https:\/\/x.com\/AFCNewYork\"]}]}<\/script>\n<!-- \/ Yoast SEO plugin. -->","yoast_head_json":{"title":"Pro Bono Partners Program - Advocates for Children of New York","description":"Our Pro Bono Partners Program was created to allow AFC attorneys to partner with law firms throughout New York City, so that more children can get the legal help they need \u2013 and hence the education they deserve.","robots":{"index":"index","follow":"follow","max-snippet":"max-snippet:-1","max-image-preview":"max-image-preview:large","max-video-preview":"max-video-preview:-1"},"canonical":"https:\/\/advocatesforchildren.org\/fr\/pro-bono\/","og_locale":"fr_FR","og_type":"article","og_title":"Pro Bono Partners Program - Advocates for Children of New York","og_description":"Our Pro Bono Partners Program was created to allow AFC attorneys to partner with law firms throughout New York City, so that more children can get the legal help they need \u2013 and hence the education they deserve.","og_url":"https:\/\/advocatesforchildren.org\/fr\/pro-bono\/","og_site_name":"Advocates for Children of New York","article_publisher":"https:\/\/www.facebook.com\/AdvocatesforChildren\/","article_modified_time":"2024-03-20T21:47:26+00:00","og_image":[{"width":1200,"height":630,"url":"https:\/\/advocatesforchildren.org\/wp-content\/uploads\/2024\/03\/share.jpg","type":"image\/jpeg"}],"twitter_card":"summary_large_image","twitter_site":"@AFCNewYork","schema":{"@context":"https:\/\/schema.org","@graph":[{"@type":"WebPage","@id":"https:\/\/advocatesforchildren.org\/pro-bono\/","url":"https:\/\/advocatesforchildren.org\/pro-bono\/","name":"Pro Bono Partners Program - Advocates for Children of New York","isPartOf":{"@id":"https:\/\/advocatesforchildren.org\/#website"},"datePublished":"2024-03-14T16:16:36+00:00","dateModified":"2024-03-20T21:47:26+00:00","description":"Our Pro Bono Partners Program was created to allow AFC attorneys to partner with law firms throughout New York City, so that more children can get the legal help they need \u2013 and hence the education they deserve.","breadcrumb":{"@id":"https:\/\/advocatesforchildren.org\/pro-bono\/#breadcrumb"},"inLanguage":"fr-FR","potentialAction":[{"@type":"ReadAction","target":["https:\/\/advocatesforchildren.org\/pro-bono\/"]}]},{"@type":"BreadcrumbList","@id":"https:\/\/advocatesforchildren.org\/pro-bono\/#breadcrumb","itemListElement":[{"@type":"ListItem","position":1,"name":"Home","item":"https:\/\/advocatesforchildren.org\/"},{"@type":"ListItem","position":2,"name":"Pro Bono Partners Program"}]},{"@type":"WebSite","@id":"https:\/\/advocatesforchildren.org\/#website","url":"https:\/\/advocatesforchildren.org\/","name":"D\u00e9fenseurs des enfants de New York","description":"","publisher":{"@id":"https:\/\/advocatesforchildren.org\/#organization"},"potentialAction":[{"@type":"SearchAction","target":{"@type":"EntryPoint","urlTemplate":"https:\/\/advocatesforchildren.org\/?s={search_term_string}"},"query-input":{"@type":"PropertyValueSpecification","valueRequired":true,"valueName":"search_term_string"}}],"inLanguage":"fr-FR"},{"@type":"Organization","@id":"https:\/\/advocatesforchildren.org\/#organization","name":"D\u00e9fenseurs des enfants de New York","url":"https:\/\/advocatesforchildren.org\/","logo":{"@type":"ImageObject","inLanguage":"fr-FR","@id":"https:\/\/advocatesforchildren.org\/#\/schema\/logo\/image\/","url":"https:\/\/advocatesforchildren.org\/wp-content\/uploads\/2024\/03\/afc-logo.png","contentUrl":"https:\/\/advocatesforchildren.org\/wp-content\/uploads\/2024\/03\/afc-logo.png","width":696,"height":696,"caption":"Advocates for Children of New York"},"image":{"@id":"https:\/\/advocatesforchildren.org\/#\/schema\/logo\/image\/"},"sameAs":["https:\/\/www.facebook.com\/AdvocatesforChildren\/","https:\/\/x.com\/AFCNewYork"]}]}},"_links":{"self":[{"href":"https:\/\/advocatesforchildren.org\/fr\/wp-json\/wp\/v2\/pages\/8008","targetHints":{"allow":["GET"]}}],"collection":[{"href":"https:\/\/advocatesforchildren.org\/fr\/wp-json\/wp\/v2\/pages"}],"about":[{"href":"https:\/\/advocatesforchildren.org\/fr\/wp-json\/wp\/v2\/types\/page"}],"author":[{"embeddable":true,"href":"https:\/\/advocatesforchildren.org\/fr\/wp-json\/wp\/v2\/users\/7"}],"replies":[{"embeddable":true,"href":"https:\/\/advocatesforchildren.org\/fr\/wp-json\/wp\/v2\/comments?post=8008"}],"version-history":[{"count":0,"href":"https:\/\/advocatesforchildren.org\/fr\/wp-json\/wp\/v2\/pages\/8008\/revisions"}],"wp:attachment":[{"href":"https:\/\/advocatesforchildren.org\/fr\/wp-json\/wp\/v2\/media?parent=8008"}],"curies":[{"name":"wp","href":"https:\/\/api.w.org\/{rel}","templated":true}]}}