{"id":7800,"date":"2024-03-13T12:53:44","date_gmt":"2024-03-13T17:53:44","guid":{"rendered":"https:\/\/advocatesforchildren.org\/?page_id=7800"},"modified":"2025-01-02T16:51:15","modified_gmt":"2025-01-02T21:51:15","slug":"how-to-give","status":"publish","type":"page","link":"https:\/\/advocatesforchildren.org\/fr\/how-to-give\/","title":{"rendered":"Comment donner"},"content":{"rendered":"","protected":false},"excerpt":{"rendered":"","protected":false},"author":7,"featured_media":0,"parent":0,"menu_order":0,"comment_status":"closed","ping_status":"closed","template":"","meta":{"_acf_changed":false},"class_list":["post-7800","page","type-page","status-publish","hentry"],"acf":{"component_hero":{"variant":"bg","":null,"subheader":"There are many different ways you can make a gift to help support AFC's work to protect every child's right to an&nbsp;education","button":"","image":6911},"page_layout":[{"acf_fc_layout":"layout_wysiwyg","_acfe_flexible_toggle":"","component_wysiwyg":{"content":"<h2>Transfert de stock<\/h2>\r\nLes dons d&#039;actions ou d&#039;autres titres \u00e0 forte valeur ajout\u00e9e peuvent vous offrir des avantages fiscaux, tout en aidant AFC \u00e0 fournir des services essentiels \u00e0 nos clients. Pour transf\u00e9rer des actions vers AFC, fournissez \u00e0 votre courtier les informations de transfert de titres suivantes\u00a0:\r\n<p style=\"padding-left: 40px;\"><strong>Code DTC\u00a0:<\/strong> 0141\r\n<strong>Num\u00e9ro de compte:<\/strong> 8112-7582\r\n<strong>Nom du compte:<\/strong> D\u00e9fenseurs des enfants de NY Inc.\r\n<strong>EIN de l&#039;AFC\u00a0:<\/strong> 11-2247307\r\n<strong>Institution qui re\u00e7oit:<\/strong> Services de compensation Wells Fargo<\/p>\r\nAFC does not receive information that identifies you as the donor when you contribute stock. Please notify us of your pending gift to ensure that you receive a prompt tax acknowledgment of your donation by contacting Ivette Greenblatt, Director of Development, at <a href=\"mailto:etrinidad@advocatesforchildren.org\">igreenblatt@advocatesforchildren.org<\/a> ou 212-822-9529.\r\n<h2>Fonds conseill\u00e9s par les donateurs<\/h2>\r\nL&#039;AFC appr\u00e9cie lorsque les donateurs recommandent des subventions provenant de leurs fonds conseill\u00e9s par les donateurs. Si vous avez un DAF Fidelity Charitable, Schwab Charitable ou BNY Mellon et que vous souhaitez faire un don, vous pouvez <a href=\"https:\/\/www.dafdirect.org\/DAFDirect\/daflink?_dafdirect_settings=MTEyMjQ3MzA3XzIxMTFfZDI0ZDRjNjMtMmE4Zi00NDFkLWEwY2EtNTlhNGJjNmU4MGVh&amp;designatedText=&amp;amountValue=\" target=\"_blank\" rel=\"noopener\">faites un don maintenant via DAF Direct<\/a>. AFC's EIN is 11-2247307.\r\n\r\nFor questions related to DAFs, please contact Ivette Greenblatt at <a href=\"mailto:etrinidad@advocatesforchildren.org\">igreenblatt@advocatesforchildren.org<\/a> ou 212-822-9529.\r\n<h2>ACH\/FIL<\/h2>\r\nTo make a gift by ACH or Wire Transfer, please contact Ivette Greenblatt at <a href=\"mailto:etrinidad@advocatesforchildren.org\">igreenblatt@advocatesforchildren.org<\/a> ou 212-822-9529.\r\n<h2>Mail<\/h2>\r\nPour faire un don par courrier, veuillez envoyer votre ch\u00e8que \u00e0 :\r\n<p style=\"padding-left: 40px;\">Advocates for Children of New York, Inc.\r\nAttn: Ivette Greenblatt\r\n151 West 30th Street, 5th floor\r\nNew York, NY 10001<\/p>\r\n\r\n<h2>Programme de cadeaux r\u00e9currents<\/h2>\r\nBy becoming a recurring donor you are providing Advocates for Children with a steady and reliable income to help fund our programs and allowing us to focus more energy on helping our students and families in need.\r\n\r\nHere are just a few ways your monthly gift can make a difference:\r\n<ul>\r\n \t<li>Seulement $10 par mois \u2013 Paye les frais d&#039;un expert pour conseiller un parent sur notre ligne d&#039;assistance sur les options d&#039;\u00e9ducation et de soutien disponibles pour un enfant autiste.<\/li>\r\n \t<li>Seulement $25 par mois \u2013 Fournit un webinaire partageant des informations \u00e0 jour avec les parents et les professionnels.<\/li>\r\n \t<li>Seulement $50 par mois \u2013 Fournit trois heures de temps d&#039;avocat pour pr\u00e9parer et assister \u00e0 une r\u00e9union avec le minist\u00e8re de l&#039;\u00c9ducation afin de r\u00e9soudre un diff\u00e9rend concernant le programme d&#039;\u00e9ducation individualis\u00e9 (IEP) pour un \u00e9l\u00e8ve en difficult\u00e9.<\/li>\r\n \t<li>Seulement $100 par mois \u2013 Aide \u00e0 fournir des conseils juridiques experts \u00e0 un parent immigrant qui lui permet d&#039;acc\u00e9der \u00e0 une \u00e9ducation de qualit\u00e9.<\/li>\r\n<\/ul>\r\n<span style=\"font-weight: 400;\">Pour rejoindre notre programme de cadeaux r\u00e9currents, <\/span><span style=\"font-weight: 400;\">\u00a0veuillez compl\u00e9ter les informations sur notre <a href=\"https:\/\/advocatesforchildren.org\/fr\/donate\/\">formulaire de don en ligne<\/a>.<\/span>\r\n<h2>Cadeaux hommage<\/h2>\r\nYou can make a donation to honor someone; to celebrate a special occasion like a birthday, marriage, anniversary, graduation, or retirement; or to remember someone who has passed away to celebrate the difference they made in your life.\r\n\r\nYour gift will help students and their families receive the expert counsel, guidance, training, and information they need to get the quality education they deserve and have a real and lasting impact on a child\u2019s life.\r\n\r\nYou can make a tribute gift on our <a href=\"https:\/\/advocatesforchildren.org\/fr\/donate\/\">formulaire de don en ligne<\/a> in honor or in memory of someone. Simply select <a class=\"btn :version-1 :size-1\" href=\"https:\/\/advocatesforchildren.org\/fr\/donate\/\"><span class=\"text\">+ Add a dedication<\/span><\/a>","":null,"settings":""}},{"acf_fc_layout":"layout_donate_promo","_acfe_flexible_toggle":"","component_donate_promo":{"use_global":true,"headline":"","button":null}}],"misc":{"disable_sticky_helpbar":false,"search_results":{"":null,"excerpt":"","featured_image":""}}},"yoast_head":"<!-- This site is optimized with the Yoast SEO plugin v27.2 - https:\/\/yoast.com\/product\/yoast-seo-wordpress\/ -->\n<title>How to Give - Advocates for Children of New York<\/title>\n<meta name=\"robots\" content=\"index, follow, max-snippet:-1, max-image-preview:large, max-video-preview:-1\" \/>\n<link rel=\"canonical\" href=\"https:\/\/advocatesforchildren.org\/fr\/how-to-give\/\" \/>\n<meta property=\"og:locale\" content=\"fr_FR\" \/>\n<meta property=\"og:type\" content=\"article\" \/>\n<meta property=\"og:title\" content=\"How to Give - Advocates for Children of New York\" \/>\n<meta property=\"og:url\" content=\"https:\/\/advocatesforchildren.org\/fr\/how-to-give\/\" \/>\n<meta property=\"og:site_name\" content=\"Advocates for Children of New York\" \/>\n<meta property=\"article:publisher\" content=\"https:\/\/www.facebook.com\/AdvocatesforChildren\/\" \/>\n<meta property=\"article:modified_time\" content=\"2025-01-02T21:51:15+00:00\" \/>\n<meta property=\"og:image\" content=\"https:\/\/advocatesforchildren.org\/wp-content\/uploads\/2024\/03\/share.jpg\" \/>\n\t<meta property=\"og:image:width\" content=\"1200\" \/>\n\t<meta property=\"og:image:height\" content=\"630\" \/>\n\t<meta property=\"og:image:type\" content=\"image\/jpeg\" \/>\n<meta name=\"twitter:card\" content=\"summary_large_image\" \/>\n<meta name=\"twitter:site\" content=\"@AFCNewYork\" \/>\n<script type=\"application\/ld+json\" class=\"yoast-schema-graph\">{\"@context\":\"https:\/\/schema.org\",\"@graph\":[{\"@type\":\"WebPage\",\"@id\":\"https:\/\/advocatesforchildren.org\/how-to-give\/\",\"url\":\"https:\/\/advocatesforchildren.org\/how-to-give\/\",\"name\":\"How to Give - Advocates for Children of New York\",\"isPartOf\":{\"@id\":\"https:\/\/advocatesforchildren.org\/#website\"},\"datePublished\":\"2024-03-13T17:53:44+00:00\",\"dateModified\":\"2025-01-02T21:51:15+00:00\",\"breadcrumb\":{\"@id\":\"https:\/\/advocatesforchildren.org\/how-to-give\/#breadcrumb\"},\"inLanguage\":\"fr-FR\",\"potentialAction\":[{\"@type\":\"ReadAction\",\"target\":[\"https:\/\/advocatesforchildren.org\/how-to-give\/\"]}]},{\"@type\":\"BreadcrumbList\",\"@id\":\"https:\/\/advocatesforchildren.org\/how-to-give\/#breadcrumb\",\"itemListElement\":[{\"@type\":\"ListItem\",\"position\":1,\"name\":\"Home\",\"item\":\"https:\/\/advocatesforchildren.org\/\"},{\"@type\":\"ListItem\",\"position\":2,\"name\":\"How to Give\"}]},{\"@type\":\"WebSite\",\"@id\":\"https:\/\/advocatesforchildren.org\/#website\",\"url\":\"https:\/\/advocatesforchildren.org\/\",\"name\":\"Advocates for Children of New York\",\"description\":\"\",\"publisher\":{\"@id\":\"https:\/\/advocatesforchildren.org\/#organization\"},\"potentialAction\":[{\"@type\":\"SearchAction\",\"target\":{\"@type\":\"EntryPoint\",\"urlTemplate\":\"https:\/\/advocatesforchildren.org\/?s={search_term_string}\"},\"query-input\":{\"@type\":\"PropertyValueSpecification\",\"valueRequired\":true,\"valueName\":\"search_term_string\"}}],\"inLanguage\":\"fr-FR\"},{\"@type\":\"Organization\",\"@id\":\"https:\/\/advocatesforchildren.org\/#organization\",\"name\":\"Advocates for Children of New York\",\"url\":\"https:\/\/advocatesforchildren.org\/\",\"logo\":{\"@type\":\"ImageObject\",\"inLanguage\":\"fr-FR\",\"@id\":\"https:\/\/advocatesforchildren.org\/#\/schema\/logo\/image\/\",\"url\":\"https:\/\/advocatesforchildren.org\/wp-content\/uploads\/2024\/03\/afc-logo.png\",\"contentUrl\":\"https:\/\/advocatesforchildren.org\/wp-content\/uploads\/2024\/03\/afc-logo.png\",\"width\":696,\"height\":696,\"caption\":\"Advocates for Children of New York\"},\"image\":{\"@id\":\"https:\/\/advocatesforchildren.org\/#\/schema\/logo\/image\/\"},\"sameAs\":[\"https:\/\/www.facebook.com\/AdvocatesforChildren\/\",\"https:\/\/x.com\/AFCNewYork\"]}]}<\/script>\n<!-- \/ Yoast SEO plugin. -->","yoast_head_json":{"title":"How to Give - Advocates for Children of New York","robots":{"index":"index","follow":"follow","max-snippet":"max-snippet:-1","max-image-preview":"max-image-preview:large","max-video-preview":"max-video-preview:-1"},"canonical":"https:\/\/advocatesforchildren.org\/fr\/how-to-give\/","og_locale":"fr_FR","og_type":"article","og_title":"How to Give - Advocates for Children of New York","og_url":"https:\/\/advocatesforchildren.org\/fr\/how-to-give\/","og_site_name":"Advocates for Children of New York","article_publisher":"https:\/\/www.facebook.com\/AdvocatesforChildren\/","article_modified_time":"2025-01-02T21:51:15+00:00","og_image":[{"width":1200,"height":630,"url":"https:\/\/advocatesforchildren.org\/wp-content\/uploads\/2024\/03\/share.jpg","type":"image\/jpeg"}],"twitter_card":"summary_large_image","twitter_site":"@AFCNewYork","schema":{"@context":"https:\/\/schema.org","@graph":[{"@type":"WebPage","@id":"https:\/\/advocatesforchildren.org\/how-to-give\/","url":"https:\/\/advocatesforchildren.org\/how-to-give\/","name":"How to Give - Advocates for Children of New York","isPartOf":{"@id":"https:\/\/advocatesforchildren.org\/#website"},"datePublished":"2024-03-13T17:53:44+00:00","dateModified":"2025-01-02T21:51:15+00:00","breadcrumb":{"@id":"https:\/\/advocatesforchildren.org\/how-to-give\/#breadcrumb"},"inLanguage":"fr-FR","potentialAction":[{"@type":"ReadAction","target":["https:\/\/advocatesforchildren.org\/how-to-give\/"]}]},{"@type":"BreadcrumbList","@id":"https:\/\/advocatesforchildren.org\/how-to-give\/#breadcrumb","itemListElement":[{"@type":"ListItem","position":1,"name":"Home","item":"https:\/\/advocatesforchildren.org\/"},{"@type":"ListItem","position":2,"name":"How to Give"}]},{"@type":"WebSite","@id":"https:\/\/advocatesforchildren.org\/#website","url":"https:\/\/advocatesforchildren.org\/","name":"D\u00e9fenseurs des enfants de New York","description":"","publisher":{"@id":"https:\/\/advocatesforchildren.org\/#organization"},"potentialAction":[{"@type":"SearchAction","target":{"@type":"EntryPoint","urlTemplate":"https:\/\/advocatesforchildren.org\/?s={search_term_string}"},"query-input":{"@type":"PropertyValueSpecification","valueRequired":true,"valueName":"search_term_string"}}],"inLanguage":"fr-FR"},{"@type":"Organization","@id":"https:\/\/advocatesforchildren.org\/#organization","name":"D\u00e9fenseurs des enfants de New York","url":"https:\/\/advocatesforchildren.org\/","logo":{"@type":"ImageObject","inLanguage":"fr-FR","@id":"https:\/\/advocatesforchildren.org\/#\/schema\/logo\/image\/","url":"https:\/\/advocatesforchildren.org\/wp-content\/uploads\/2024\/03\/afc-logo.png","contentUrl":"https:\/\/advocatesforchildren.org\/wp-content\/uploads\/2024\/03\/afc-logo.png","width":696,"height":696,"caption":"Advocates for Children of New York"},"image":{"@id":"https:\/\/advocatesforchildren.org\/#\/schema\/logo\/image\/"},"sameAs":["https:\/\/www.facebook.com\/AdvocatesforChildren\/","https:\/\/x.com\/AFCNewYork"]}]}},"_links":{"self":[{"href":"https:\/\/advocatesforchildren.org\/fr\/wp-json\/wp\/v2\/pages\/7800","targetHints":{"allow":["GET"]}}],"collection":[{"href":"https:\/\/advocatesforchildren.org\/fr\/wp-json\/wp\/v2\/pages"}],"about":[{"href":"https:\/\/advocatesforchildren.org\/fr\/wp-json\/wp\/v2\/types\/page"}],"author":[{"embeddable":true,"href":"https:\/\/advocatesforchildren.org\/fr\/wp-json\/wp\/v2\/users\/7"}],"replies":[{"embeddable":true,"href":"https:\/\/advocatesforchildren.org\/fr\/wp-json\/wp\/v2\/comments?post=7800"}],"version-history":[{"count":0,"href":"https:\/\/advocatesforchildren.org\/fr\/wp-json\/wp\/v2\/pages\/7800\/revisions"}],"wp:attachment":[{"href":"https:\/\/advocatesforchildren.org\/fr\/wp-json\/wp\/v2\/media?parent=7800"}],"curies":[{"name":"wp","href":"https:\/\/api.w.org\/{rel}","templated":true}]}}