{"id":6657,"date":"2024-03-07T14:46:01","date_gmt":"2024-03-07T19:46:01","guid":{"rendered":"https:\/\/advocatesforchildren.org\/?page_id=6657"},"modified":"2025-01-02T15:55:08","modified_gmt":"2025-01-02T20:55:08","slug":"ways-to-support-our-work","status":"publish","type":"page","link":"https:\/\/advocatesforchildren.org\/fr\/ways-to-support-our-work\/","title":{"rendered":"Plus de fa\u00e7ons de soutenir notre travail"},"content":{"rendered":"","protected":false},"excerpt":{"rendered":"","protected":false},"author":7,"featured_media":0,"parent":0,"menu_order":0,"comment_status":"closed","ping_status":"closed","template":"","meta":{"_acf_changed":false},"class_list":["post-6657","page","type-page","status-publish","hentry"],"acf":{"component_hero":{"variant":"bg","":null,"subheader":"With the support of generous donors like you, AFC is able to protect the education rights of thousands of New York City children.","button":"","image":7138},"page_layout":[{"acf_fc_layout":"layout_wysiwyg","_acfe_flexible_toggle":"","component_wysiwyg":{"content":"<h2>Join AFC's Leadership Circle<\/h2>\r\nAFC\u2019s Leadership Circle is a community of major donors who have demonstrated outstanding commitment to the AFC mission by making significant three-year pledges that provide critical long-term funding to support our work.\u00a0Members in the AFC Leadership Circle, which offers four levels of participation, receive invitations to events and public recognition on AFC\u2019s website and at AFC\u2019s annual Spring Benefit.\r\n\r\nTo inquire about membership in the AFC Leadership Circle, please contact Ivette Greenblatt, Director of Development, at <a href=\"mailto:igreenblatt@advocatesforchildren.org\">igreenblatt@advocatesforchildren.org<\/a> ou (212) 822-9529.","":null,"settings":["disable-bottom-padding"]}},{"acf_fc_layout":"layout_list_of_links","_acfe_flexible_toggle":"","component_list_of_links":{"heading":"","desc":"","links":[{"type":"internal","file":null,"external_url":"","internal_page":8454,"title":"Current members (as of December 2024)","date":""}],"settings":{"":null,"settings":["disable-top-padding","disable-bottom-padding"]}}},{"acf_fc_layout":"layout_wysiwyg","_acfe_flexible_toggle":"","component_wysiwyg":{"content":"<h2>Faire un don planifi\u00e9<\/h2>\r\n<span style=\"font-weight: 400;\">Int\u00e9grez l\u2019\u00e9ducation des enfants \u00e0 votre h\u00e9ritage.\u00a0 <a href=\"https:\/\/advocatesforchildren.org\/fr\/planned-giving\/\">Apprendre encore plus<\/a> sur la fa\u00e7on de faire un don testamentaire \u00e0 l&#039;AFC.<\/span>\r\n<h2><\/h2>\r\n<h2>Faire un don r\u00e9current<\/h2>\r\nBy becoming a recurring donor you are providing Advocates for Children with a steady and reliable income to help fund our programs and allowing us to focus more energy on helping our students and families in need.\r\n\r\nHere are just a few ways your monthly gift can make a difference:\r\n<ul>\r\n \t<li>Seulement $10 par mois \u2013 Paye les frais d&#039;un expert pour conseiller un parent sur notre ligne d&#039;assistance sur les options d&#039;\u00e9ducation et de soutien disponibles pour un enfant autiste.<\/li>\r\n \t<li>Seulement $25 par mois \u2013 Fournit un webinaire partageant des informations \u00e0 jour avec les parents et les professionnels.<\/li>\r\n \t<li>Seulement $50 par mois \u2013 Fournit trois heures de temps d&#039;avocat pour pr\u00e9parer et assister \u00e0 une r\u00e9union avec le minist\u00e8re de l&#039;\u00c9ducation afin de r\u00e9soudre un diff\u00e9rend concernant le programme d&#039;\u00e9ducation individualis\u00e9 (IEP) pour un \u00e9l\u00e8ve en difficult\u00e9.<\/li>\r\n \t<li>Seulement $100 par mois \u2013 Aide \u00e0 fournir des conseils juridiques experts \u00e0 un parent immigrant qui lui permet d&#039;acc\u00e9der \u00e0 une \u00e9ducation de qualit\u00e9.<\/li>\r\n<\/ul>\r\nPour rejoindre notre programme de cadeaux r\u00e9currents, veuillez compl\u00e9ter les informations sur notre <a href=\"https:\/\/advocatesforchildren.org\/fr\/donate\/\">formulaire de don en ligne<\/a>.\r\n<h2><\/h2>\r\n<h2 id=\"tribute\">Honorer quelqu&#039;un de sp\u00e9cial<\/h2>\r\nYou can make a donation to honor someone; to celebrate a special occasion like a birthday, marriage, anniversary, graduation, or retirement; or to remember someone who has passed away to celebrate the difference they made in your life.\r\n\r\nYour gift will help students and their families receive the expert counsel, guidance, training, and information they need to get the quality education they deserve and have a real and lasting impact on a child\u2019s life. To make a tribute gift, be sure to complete the \u201cIn Honor\u201d or \u201cIn Memory\u201d fields in our <a href=\"https:\/\/advocatesforchildren.org\/fr\/donate\/\">formulaire de don en ligne<\/a>.\r\n<h2><\/h2>\r\n<h2>Collecte de fonds pour l&#039;AFC<\/h2>\r\nInspirez les autres \u00e0 se joindre \u00e0 vous pour soutenir le travail important de l&#039;AFC. Nous travaillerons avec vous pour personnaliser un fonds, une campagne ou un \u00e9v\u00e9nement qui convient \u00e0 vous et \u00e0 vos amis.","":null,"settings":""}},{"acf_fc_layout":"layout_accordion","_acfe_flexible_toggle":"","component_accordion":{"panels":[{"title":"Set up a fund or campaign","content":"Help AFC to serve children and families by setting up a special fund or fundraising campaign in your or a loved one\u2019s name or to commemorate a special life event such as a wedding, anniversary, birthday, or bar or bat mitzvah. We will work closely with you to set up a customized donation page and any materials about the fund or campaign to share with your friends and family. The creation of a special fund or campaign will have a lasting impact for the children and families AFC supports. For more information, please contact Ivette Greenblatt, Director of Development, by email at <a href=\"mailto:igreenblatt@advocatesforchildren.org\">igreenblatt@advocatesforchildren.org<\/a> or by phone: 212-822-9529."},{"title":"Host an event","content":"Help spread the word about AFC and its important work by hosting an event such as a cocktail party for your friends and family. We will work with you to support your efforts. For more information, contact Ivette Greenblatt, Director of Development, by email at <a href=\"mailto:igreenblatt@advocatesforchildren.org\">igreenblatt@advocatesforchildren.org<\/a> or by phone: 212-822-9529."},{"title":"Give through your workplace","content":"Looking for ways to build team cohesion at the office? Launch a workplace giving campaign. Consider a day of giving in honor of AFC. If your company has an employee giving program, designate AFC as your giving program charity. For more information, contact: Ivette Greenblatt, Director of Development <a href=\"mailto:igreenblatt@advocatesforchildren.org\">igreenblatt@advocatesforchildren.org<\/a> or 212-822-9529."}],"settings":{"":null,"settings":["disable-top-padding"]}}},{"acf_fc_layout":"layout_wysiwyg","_acfe_flexible_toggle":"","component_wysiwyg":{"content":"<h2>Des questions sur la fa\u00e7on de donner ?<\/h2>\r\nVoir plus d\u2019informations sur les diff\u00e9rentes fa\u00e7ons de donner.\r\n\r\n<a class=\"btn :version-1 :size-1\" href=\"https:\/\/advocatesforchildren.org\/fr\/how-to-give\/\"><span class=\"text\">Apprendre encore plus<\/span><\/a>","":null,"settings":""}},{"acf_fc_layout":"layout_donate_promo","_acfe_flexible_toggle":"","component_donate_promo":{"use_global":true,"headline":"","button":null}}],"misc":{"disable_sticky_helpbar":false,"search_results":{"":null,"excerpt":"","featured_image":""}}},"yoast_head":"<!-- This site is optimized with the Yoast SEO plugin v27.2 - https:\/\/yoast.com\/product\/yoast-seo-wordpress\/ -->\n<title>More Ways to Support Our Work - Advocates for Children of New York<\/title>\n<meta name=\"robots\" content=\"index, follow, max-snippet:-1, max-image-preview:large, max-video-preview:-1\" \/>\n<link rel=\"canonical\" href=\"https:\/\/advocatesforchildren.org\/fr\/ways-to-support-our-work\/\" \/>\n<meta property=\"og:locale\" content=\"fr_FR\" \/>\n<meta property=\"og:type\" content=\"article\" \/>\n<meta property=\"og:title\" content=\"More Ways to Support Our Work - Advocates for Children of New York\" \/>\n<meta property=\"og:url\" content=\"https:\/\/advocatesforchildren.org\/fr\/ways-to-support-our-work\/\" \/>\n<meta property=\"og:site_name\" content=\"Advocates for Children of New York\" \/>\n<meta property=\"article:publisher\" content=\"https:\/\/www.facebook.com\/AdvocatesforChildren\/\" \/>\n<meta property=\"article:modified_time\" content=\"2025-01-02T20:55:08+00:00\" \/>\n<meta property=\"og:image\" content=\"https:\/\/advocatesforchildren.org\/wp-content\/uploads\/2024\/03\/share.jpg\" \/>\n\t<meta property=\"og:image:width\" content=\"1200\" \/>\n\t<meta property=\"og:image:height\" content=\"630\" \/>\n\t<meta property=\"og:image:type\" content=\"image\/jpeg\" \/>\n<meta name=\"twitter:card\" content=\"summary_large_image\" \/>\n<meta name=\"twitter:site\" content=\"@AFCNewYork\" \/>\n<script type=\"application\/ld+json\" class=\"yoast-schema-graph\">{\"@context\":\"https:\/\/schema.org\",\"@graph\":[{\"@type\":\"WebPage\",\"@id\":\"https:\/\/advocatesforchildren.org\/ways-to-support-our-work\/\",\"url\":\"https:\/\/advocatesforchildren.org\/ways-to-support-our-work\/\",\"name\":\"More Ways to Support Our Work - Advocates for Children of New York\",\"isPartOf\":{\"@id\":\"https:\/\/advocatesforchildren.org\/#website\"},\"datePublished\":\"2024-03-07T19:46:01+00:00\",\"dateModified\":\"2025-01-02T20:55:08+00:00\",\"breadcrumb\":{\"@id\":\"https:\/\/advocatesforchildren.org\/ways-to-support-our-work\/#breadcrumb\"},\"inLanguage\":\"fr-FR\",\"potentialAction\":[{\"@type\":\"ReadAction\",\"target\":[\"https:\/\/advocatesforchildren.org\/ways-to-support-our-work\/\"]}]},{\"@type\":\"BreadcrumbList\",\"@id\":\"https:\/\/advocatesforchildren.org\/ways-to-support-our-work\/#breadcrumb\",\"itemListElement\":[{\"@type\":\"ListItem\",\"position\":1,\"name\":\"Home\",\"item\":\"https:\/\/advocatesforchildren.org\/\"},{\"@type\":\"ListItem\",\"position\":2,\"name\":\"More Ways to Support Our Work\"}]},{\"@type\":\"WebSite\",\"@id\":\"https:\/\/advocatesforchildren.org\/#website\",\"url\":\"https:\/\/advocatesforchildren.org\/\",\"name\":\"Advocates for Children of New York\",\"description\":\"\",\"publisher\":{\"@id\":\"https:\/\/advocatesforchildren.org\/#organization\"},\"potentialAction\":[{\"@type\":\"SearchAction\",\"target\":{\"@type\":\"EntryPoint\",\"urlTemplate\":\"https:\/\/advocatesforchildren.org\/?s={search_term_string}\"},\"query-input\":{\"@type\":\"PropertyValueSpecification\",\"valueRequired\":true,\"valueName\":\"search_term_string\"}}],\"inLanguage\":\"fr-FR\"},{\"@type\":\"Organization\",\"@id\":\"https:\/\/advocatesforchildren.org\/#organization\",\"name\":\"Advocates for Children of New York\",\"url\":\"https:\/\/advocatesforchildren.org\/\",\"logo\":{\"@type\":\"ImageObject\",\"inLanguage\":\"fr-FR\",\"@id\":\"https:\/\/advocatesforchildren.org\/#\/schema\/logo\/image\/\",\"url\":\"https:\/\/advocatesforchildren.org\/wp-content\/uploads\/2024\/03\/afc-logo.png\",\"contentUrl\":\"https:\/\/advocatesforchildren.org\/wp-content\/uploads\/2024\/03\/afc-logo.png\",\"width\":696,\"height\":696,\"caption\":\"Advocates for Children of New York\"},\"image\":{\"@id\":\"https:\/\/advocatesforchildren.org\/#\/schema\/logo\/image\/\"},\"sameAs\":[\"https:\/\/www.facebook.com\/AdvocatesforChildren\/\",\"https:\/\/x.com\/AFCNewYork\"]}]}<\/script>\n<!-- \/ Yoast SEO plugin. -->","yoast_head_json":{"title":"More Ways to Support Our Work - Advocates for Children of New York","robots":{"index":"index","follow":"follow","max-snippet":"max-snippet:-1","max-image-preview":"max-image-preview:large","max-video-preview":"max-video-preview:-1"},"canonical":"https:\/\/advocatesforchildren.org\/fr\/ways-to-support-our-work\/","og_locale":"fr_FR","og_type":"article","og_title":"More Ways to Support Our Work - Advocates for Children of New York","og_url":"https:\/\/advocatesforchildren.org\/fr\/ways-to-support-our-work\/","og_site_name":"Advocates for Children of New York","article_publisher":"https:\/\/www.facebook.com\/AdvocatesforChildren\/","article_modified_time":"2025-01-02T20:55:08+00:00","og_image":[{"width":1200,"height":630,"url":"https:\/\/advocatesforchildren.org\/wp-content\/uploads\/2024\/03\/share.jpg","type":"image\/jpeg"}],"twitter_card":"summary_large_image","twitter_site":"@AFCNewYork","schema":{"@context":"https:\/\/schema.org","@graph":[{"@type":"WebPage","@id":"https:\/\/advocatesforchildren.org\/ways-to-support-our-work\/","url":"https:\/\/advocatesforchildren.org\/ways-to-support-our-work\/","name":"More Ways to Support Our Work - Advocates for Children of New York","isPartOf":{"@id":"https:\/\/advocatesforchildren.org\/#website"},"datePublished":"2024-03-07T19:46:01+00:00","dateModified":"2025-01-02T20:55:08+00:00","breadcrumb":{"@id":"https:\/\/advocatesforchildren.org\/ways-to-support-our-work\/#breadcrumb"},"inLanguage":"fr-FR","potentialAction":[{"@type":"ReadAction","target":["https:\/\/advocatesforchildren.org\/ways-to-support-our-work\/"]}]},{"@type":"BreadcrumbList","@id":"https:\/\/advocatesforchildren.org\/ways-to-support-our-work\/#breadcrumb","itemListElement":[{"@type":"ListItem","position":1,"name":"Home","item":"https:\/\/advocatesforchildren.org\/"},{"@type":"ListItem","position":2,"name":"More Ways to Support Our Work"}]},{"@type":"WebSite","@id":"https:\/\/advocatesforchildren.org\/#website","url":"https:\/\/advocatesforchildren.org\/","name":"D\u00e9fenseurs des enfants de New York","description":"","publisher":{"@id":"https:\/\/advocatesforchildren.org\/#organization"},"potentialAction":[{"@type":"SearchAction","target":{"@type":"EntryPoint","urlTemplate":"https:\/\/advocatesforchildren.org\/?s={search_term_string}"},"query-input":{"@type":"PropertyValueSpecification","valueRequired":true,"valueName":"search_term_string"}}],"inLanguage":"fr-FR"},{"@type":"Organization","@id":"https:\/\/advocatesforchildren.org\/#organization","name":"D\u00e9fenseurs des enfants de New York","url":"https:\/\/advocatesforchildren.org\/","logo":{"@type":"ImageObject","inLanguage":"fr-FR","@id":"https:\/\/advocatesforchildren.org\/#\/schema\/logo\/image\/","url":"https:\/\/advocatesforchildren.org\/wp-content\/uploads\/2024\/03\/afc-logo.png","contentUrl":"https:\/\/advocatesforchildren.org\/wp-content\/uploads\/2024\/03\/afc-logo.png","width":696,"height":696,"caption":"Advocates for Children of New York"},"image":{"@id":"https:\/\/advocatesforchildren.org\/#\/schema\/logo\/image\/"},"sameAs":["https:\/\/www.facebook.com\/AdvocatesforChildren\/","https:\/\/x.com\/AFCNewYork"]}]}},"_links":{"self":[{"href":"https:\/\/advocatesforchildren.org\/fr\/wp-json\/wp\/v2\/pages\/6657","targetHints":{"allow":["GET"]}}],"collection":[{"href":"https:\/\/advocatesforchildren.org\/fr\/wp-json\/wp\/v2\/pages"}],"about":[{"href":"https:\/\/advocatesforchildren.org\/fr\/wp-json\/wp\/v2\/types\/page"}],"author":[{"embeddable":true,"href":"https:\/\/advocatesforchildren.org\/fr\/wp-json\/wp\/v2\/users\/7"}],"replies":[{"embeddable":true,"href":"https:\/\/advocatesforchildren.org\/fr\/wp-json\/wp\/v2\/comments?post=6657"}],"version-history":[{"count":0,"href":"https:\/\/advocatesforchildren.org\/fr\/wp-json\/wp\/v2\/pages\/6657\/revisions"}],"wp:attachment":[{"href":"https:\/\/advocatesforchildren.org\/fr\/wp-json\/wp\/v2\/media?parent=6657"}],"curies":[{"name":"wp","href":"https:\/\/api.w.org\/{rel}","templated":true}]}}