{"id":7789,"date":"2024-03-13T12:44:52","date_gmt":"2024-03-13T17:44:52","guid":{"rendered":"https:\/\/advocatesforchildren.org\/?page_id=7789"},"modified":"2025-01-13T12:26:10","modified_gmt":"2025-01-13T17:26:10","slug":"planned-giving","status":"publish","type":"page","link":"https:\/\/advocatesforchildren.org\/es\/planned-giving\/","title":{"rendered":"Donaciones planificadas"},"content":{"rendered":"","protected":false},"excerpt":{"rendered":"","protected":false},"author":7,"featured_media":0,"parent":0,"menu_order":0,"comment_status":"closed","ping_status":"closed","template":"","meta":{"_acf_changed":false},"class_list":["post-7789","page","type-page","status-publish","hentry"],"acf":{"component_hero":{"variant":"bg","":null,"subheader":"Make Children\u2019s Education Part of Your&nbsp;Legacy","button":"","image":9133},"page_layout":[{"acf_fc_layout":"layout_wysiwyg","_acfe_flexible_toggle":"","component_wysiwyg":{"content":"AFC\u2019s Legacy Giving Program offers a range of planned giving opportunities for dedicated donors of any age to deepen their commitment to protecting the education rights of students from families with low incomes in New York City. Making a planned gift to AFC carries on your passion for education and ensures that AFC is fortified to serve future generations of students facing obstacles to their learning.\r\n\r\nMaking a legacy gift would be your ultimate act of generosity to make a lasting impact on the lives of the students AFC serves.\r\n<h2>Los beneficios de las donaciones planificadas:<\/h2>\r\n<ul>\r\n \t<li style=\"font-weight: 400;\" aria-level=\"1\">Tendr\u00e1 la tranquilidad de saber que su generosa donaci\u00f3n planificada mantendr\u00e1 la capacidad y el impacto de AFC al proporcionar una fuente de apoyo financiero a largo plazo;<\/li>\r\n \t<li style=\"font-weight: 400;\" aria-level=\"1\">Usted y sus beneficiarios pueden beneficiarse de ahorros en impuestos federales sobre el patrimonio, la eliminaci\u00f3n o reducci\u00f3n de los impuestos sobre las ganancias de capital y la oportunidad de aumentar los ingresos para gastar; *<\/li>\r\n \t<li style=\"font-weight: 400;\" aria-level=\"1\">Ser\u00e1 un miembro valioso de una comunidad de los partidarios m\u00e1s dedicados de la AFC que se han comprometido a proteger el derecho de los estudiantes a aprender en los a\u00f1os venideros.<\/li>\r\n<\/ul>\r\n<h2>\u00a0Sus opciones de donaciones planificadas*:<\/h2>\r\n<ul>\r\n \t<li style=\"font-weight: 400;\" aria-level=\"1\">Hacer un legado.<\/li>\r\n \t<li style=\"font-weight: 400;\" aria-level=\"1\">Nombra a AFC como beneficiario de tu p\u00f3liza de seguro de vida.<\/li>\r\n \t<li style=\"font-weight: 400;\" aria-level=\"1\">Incluye AFC en tu plan de jubilaci\u00f3n.<\/li>\r\n \t<li style=\"font-weight: 400;\" aria-level=\"1\">Cree un fideicomiso l\u00edder ben\u00e9fico.<\/li>\r\n \t<li style=\"font-weight: 400;\" aria-level=\"1\">Organizar un fideicomiso ben\u00e9fico remanente.<\/li>\r\n<\/ul>\r\n<em>*Esta informaci\u00f3n no pretende ser un asesoramiento legal, contable o de planificaci\u00f3n financiera. Para obtener asesoramiento o asistencia con su situaci\u00f3n particular, debe consultar a un abogado u otro asesor profesional.<\/em>\r\n<h2>Donaciones planificadas que funcionan para usted<\/h2>\r\nPlanned gifts come in many forms and sizes. Whether you choose to remember AFC in your will or trust or by beneficiary designation, you have the flexibility of making a legacy gift to AFC, at any age, that best fits the unique circumstances of your family and finances.\r\n\r\nFor more information on creating your legacy of support for AFC through planned giving, please contact Ivette Greenblatt, Director of Development, at\u00a0<a href=\"mailto:etrinidad@advocatesforchildren.org\">igreenblatt@advocatesforchildren.org<\/a> or 212-822-9529.\r\n\r\nWe can assist you and your advisors to complete your gift in a way that benefits your estate and makes clear your intention to support AFC\u2019s work.\r\n\r\n<strong>Si ya ha organizado una donaci\u00f3n planificada para AFC, h\u00e1ganoslo saber para que podamos honrar su apoyo.<\/strong>","":null,"settings":""}}],"misc":{"disable_sticky_helpbar":false,"search_results":{"":null,"excerpt":"","featured_image":""}}},"yoast_head":"<!-- This site is optimized with the Yoast SEO plugin v27.2 - https:\/\/yoast.com\/product\/yoast-seo-wordpress\/ -->\n<title>Planned Giving - Advocates for Children of New York<\/title>\n<meta name=\"robots\" content=\"index, follow, max-snippet:-1, max-image-preview:large, max-video-preview:-1\" \/>\n<link rel=\"canonical\" href=\"https:\/\/advocatesforchildren.org\/es\/planned-giving\/\" \/>\n<meta property=\"og:locale\" content=\"es_MX\" \/>\n<meta property=\"og:type\" content=\"article\" \/>\n<meta property=\"og:title\" content=\"Planned Giving - Advocates for Children of New York\" \/>\n<meta property=\"og:url\" content=\"https:\/\/advocatesforchildren.org\/es\/planned-giving\/\" \/>\n<meta property=\"og:site_name\" content=\"Advocates for Children of New York\" \/>\n<meta property=\"article:publisher\" content=\"https:\/\/www.facebook.com\/AdvocatesforChildren\/\" \/>\n<meta property=\"article:modified_time\" content=\"2025-01-13T17:26:10+00:00\" \/>\n<meta property=\"og:image\" content=\"https:\/\/advocatesforchildren.org\/wp-content\/uploads\/2024\/03\/share.jpg\" \/>\n\t<meta property=\"og:image:width\" content=\"1200\" \/>\n\t<meta property=\"og:image:height\" content=\"630\" \/>\n\t<meta property=\"og:image:type\" content=\"image\/jpeg\" \/>\n<meta name=\"twitter:card\" content=\"summary_large_image\" \/>\n<meta name=\"twitter:site\" content=\"@AFCNewYork\" \/>\n<script type=\"application\/ld+json\" class=\"yoast-schema-graph\">{\"@context\":\"https:\/\/schema.org\",\"@graph\":[{\"@type\":\"WebPage\",\"@id\":\"https:\/\/advocatesforchildren.org\/planned-giving\/\",\"url\":\"https:\/\/advocatesforchildren.org\/planned-giving\/\",\"name\":\"Planned Giving - Advocates for Children of New York\",\"isPartOf\":{\"@id\":\"https:\/\/advocatesforchildren.org\/#website\"},\"datePublished\":\"2024-03-13T17:44:52+00:00\",\"dateModified\":\"2025-01-13T17:26:10+00:00\",\"breadcrumb\":{\"@id\":\"https:\/\/advocatesforchildren.org\/planned-giving\/#breadcrumb\"},\"inLanguage\":\"es-MX\",\"potentialAction\":[{\"@type\":\"ReadAction\",\"target\":[\"https:\/\/advocatesforchildren.org\/planned-giving\/\"]}]},{\"@type\":\"BreadcrumbList\",\"@id\":\"https:\/\/advocatesforchildren.org\/planned-giving\/#breadcrumb\",\"itemListElement\":[{\"@type\":\"ListItem\",\"position\":1,\"name\":\"Home\",\"item\":\"https:\/\/advocatesforchildren.org\/\"},{\"@type\":\"ListItem\",\"position\":2,\"name\":\"Planned Giving\"}]},{\"@type\":\"WebSite\",\"@id\":\"https:\/\/advocatesforchildren.org\/#website\",\"url\":\"https:\/\/advocatesforchildren.org\/\",\"name\":\"Advocates for Children of New York\",\"description\":\"\",\"publisher\":{\"@id\":\"https:\/\/advocatesforchildren.org\/#organization\"},\"potentialAction\":[{\"@type\":\"SearchAction\",\"target\":{\"@type\":\"EntryPoint\",\"urlTemplate\":\"https:\/\/advocatesforchildren.org\/?s={search_term_string}\"},\"query-input\":{\"@type\":\"PropertyValueSpecification\",\"valueRequired\":true,\"valueName\":\"search_term_string\"}}],\"inLanguage\":\"es-MX\"},{\"@type\":\"Organization\",\"@id\":\"https:\/\/advocatesforchildren.org\/#organization\",\"name\":\"Advocates for Children of New York\",\"url\":\"https:\/\/advocatesforchildren.org\/\",\"logo\":{\"@type\":\"ImageObject\",\"inLanguage\":\"es-MX\",\"@id\":\"https:\/\/advocatesforchildren.org\/#\/schema\/logo\/image\/\",\"url\":\"https:\/\/advocatesforchildren.org\/wp-content\/uploads\/2024\/03\/afc-logo.png\",\"contentUrl\":\"https:\/\/advocatesforchildren.org\/wp-content\/uploads\/2024\/03\/afc-logo.png\",\"width\":696,\"height\":696,\"caption\":\"Advocates for Children of New York\"},\"image\":{\"@id\":\"https:\/\/advocatesforchildren.org\/#\/schema\/logo\/image\/\"},\"sameAs\":[\"https:\/\/www.facebook.com\/AdvocatesforChildren\/\",\"https:\/\/x.com\/AFCNewYork\"]}]}<\/script>\n<!-- \/ Yoast SEO plugin. -->","yoast_head_json":{"title":"Planned Giving - Advocates for Children of New York","robots":{"index":"index","follow":"follow","max-snippet":"max-snippet:-1","max-image-preview":"max-image-preview:large","max-video-preview":"max-video-preview:-1"},"canonical":"https:\/\/advocatesforchildren.org\/es\/planned-giving\/","og_locale":"es_MX","og_type":"article","og_title":"Planned Giving - Advocates for Children of New York","og_url":"https:\/\/advocatesforchildren.org\/es\/planned-giving\/","og_site_name":"Advocates for Children of New York","article_publisher":"https:\/\/www.facebook.com\/AdvocatesforChildren\/","article_modified_time":"2025-01-13T17:26:10+00:00","og_image":[{"width":1200,"height":630,"url":"https:\/\/advocatesforchildren.org\/wp-content\/uploads\/2024\/03\/share.jpg","type":"image\/jpeg"}],"twitter_card":"summary_large_image","twitter_site":"@AFCNewYork","schema":{"@context":"https:\/\/schema.org","@graph":[{"@type":"WebPage","@id":"https:\/\/advocatesforchildren.org\/planned-giving\/","url":"https:\/\/advocatesforchildren.org\/planned-giving\/","name":"Planned Giving - Advocates for Children of New York","isPartOf":{"@id":"https:\/\/advocatesforchildren.org\/#website"},"datePublished":"2024-03-13T17:44:52+00:00","dateModified":"2025-01-13T17:26:10+00:00","breadcrumb":{"@id":"https:\/\/advocatesforchildren.org\/planned-giving\/#breadcrumb"},"inLanguage":"es-MX","potentialAction":[{"@type":"ReadAction","target":["https:\/\/advocatesforchildren.org\/planned-giving\/"]}]},{"@type":"BreadcrumbList","@id":"https:\/\/advocatesforchildren.org\/planned-giving\/#breadcrumb","itemListElement":[{"@type":"ListItem","position":1,"name":"Home","item":"https:\/\/advocatesforchildren.org\/"},{"@type":"ListItem","position":2,"name":"Planned Giving"}]},{"@type":"WebSite","@id":"https:\/\/advocatesforchildren.org\/#website","url":"https:\/\/advocatesforchildren.org\/","name":"Defensores de los ni\u00f1os de Nueva York","description":"","publisher":{"@id":"https:\/\/advocatesforchildren.org\/#organization"},"potentialAction":[{"@type":"SearchAction","target":{"@type":"EntryPoint","urlTemplate":"https:\/\/advocatesforchildren.org\/?s={search_term_string}"},"query-input":{"@type":"PropertyValueSpecification","valueRequired":true,"valueName":"search_term_string"}}],"inLanguage":"es-MX"},{"@type":"Organization","@id":"https:\/\/advocatesforchildren.org\/#organization","name":"Defensores de los ni\u00f1os de Nueva York","url":"https:\/\/advocatesforchildren.org\/","logo":{"@type":"ImageObject","inLanguage":"es-MX","@id":"https:\/\/advocatesforchildren.org\/#\/schema\/logo\/image\/","url":"https:\/\/advocatesforchildren.org\/wp-content\/uploads\/2024\/03\/afc-logo.png","contentUrl":"https:\/\/advocatesforchildren.org\/wp-content\/uploads\/2024\/03\/afc-logo.png","width":696,"height":696,"caption":"Advocates for Children of New York"},"image":{"@id":"https:\/\/advocatesforchildren.org\/#\/schema\/logo\/image\/"},"sameAs":["https:\/\/www.facebook.com\/AdvocatesforChildren\/","https:\/\/x.com\/AFCNewYork"]}]}},"_links":{"self":[{"href":"https:\/\/advocatesforchildren.org\/es\/wp-json\/wp\/v2\/pages\/7789","targetHints":{"allow":["GET"]}}],"collection":[{"href":"https:\/\/advocatesforchildren.org\/es\/wp-json\/wp\/v2\/pages"}],"about":[{"href":"https:\/\/advocatesforchildren.org\/es\/wp-json\/wp\/v2\/types\/page"}],"author":[{"embeddable":true,"href":"https:\/\/advocatesforchildren.org\/es\/wp-json\/wp\/v2\/users\/7"}],"replies":[{"embeddable":true,"href":"https:\/\/advocatesforchildren.org\/es\/wp-json\/wp\/v2\/comments?post=7789"}],"version-history":[{"count":0,"href":"https:\/\/advocatesforchildren.org\/es\/wp-json\/wp\/v2\/pages\/7789\/revisions"}],"wp:attachment":[{"href":"https:\/\/advocatesforchildren.org\/es\/wp-json\/wp\/v2\/media?parent=7789"}],"curies":[{"name":"wp","href":"https:\/\/api.w.org\/{rel}","templated":true}]}}